{"id":959,"date":"2018-02-17T12:53:12","date_gmt":"2018-02-17T12:53:12","guid":{"rendered":"http:\/\/nowa.kzzywiec.org\/?page_id=959"},"modified":"2018-07-22T13:10:37","modified_gmt":"2018-07-22T13:10:37","slug":"cmentarz-zydowski","status":"publish","type":"page","link":"https:\/\/kzzywiec.org\/index.php\/cmentarz-zydowski\/","title":{"rendered":"Cmentarz \u017bydowski"},"content":{"rendered":"<div id=\"pl-959\"  class=\"panel-layout\" ><div id=\"pg-959-0\"  class=\"panel-grid panel-no-style\" ><div id=\"pgc-959-0-0\"  class=\"panel-grid-cell\" ><div id=\"panel-959-0-0-0\" class=\"so-panel widget widget_sow-editor panel-first-child\" data-index=\"0\" ><div\n\t\t\t\n\t\t\tclass=\"so-widget-sow-editor so-widget-sow-editor-base\"\n\t\t\t\n\t\t>\n<div class=\"siteorigin-widget-tinymce textwidget\">\n\t<p align=\"justify\">Po wykoszeniu trawy na kirkucie w Zab\u0142ociu, ods\u0142oni\u0142y si\u0119 macewy, kt\u00f3rych zwykle nie wida\u0107. Prawdziwym artyzmem mo\u017cemy zachwyca\u0107 si\u0119 ogl\u0105daj\u0105c nagrobkowe p\u0142askorze\u017aby. Ich symboliczne motywy wywodz\u0105 si\u0119<br \/>\nz zasad religii moj\u017ceszowej i dawnej historii \u017byd\u00f3w.<\/p>\n<p>Na \u017cywieckim cmentarzu mo\u017cemy spotka\u0107 wyrze\u017abiony symbol b\u0142ogos\u0142awi\u0105cych d\u0142oni, kt\u00f3re r\u00f3wnie\u017c wznoszono<br \/>\nw podobnym ge\u015bcie w synagodze, aby b\u0142ogos\u0142awi\u0107 wiernych. Taka p\u0142askorze\u017aba oznacza gr\u00f3b kap\u0142ana, kt\u00f3ry pochodzi\u0142 z rodziny samego arcykap\u0142ana Aarona (brata Moj\u017cesza). Za\u015b motyw lwa (zgodnie z biblijn\u0105 symbolik\u0105) jest znakiem, \u017ce kto\u015b pochodzi\u0142 z pokolenia Judy. Natomiast korona oznacza znajomo\u015b\u0107 Tory. Najcz\u0119\u015bciej spotykanym ornamentem na grobach tutejszych kobiet jest palma, bowiem wed\u0142ug Psalmu 92,13 \"<em>Sprawiedliwy wyro\u015bnie jak palma<\/em>\". Na ka\u017cdej macewie jest 5 liter hebrajskich \"TNCBH\", co prawid\u0142owo si\u0119 t\u0142umaczy: \"<em>Nich jego dusza b\u0119dzie zawi\u0105zana w w\u0119ze\u0142 \u017cywota wiecznego<\/em>.\"<\/p>\n<p>Daty poch\u00f3wk\u00f3w umieszczone na prawie pi\u0119ciuset ocala\u0142ych macewach \u015bwiadcz\u0105, \u017ce cmentarz powsta\u0142 w po\u0142owie XIX wieku i funkcjonowa\u0142 do czasu wybuchu II wojny \u015bwiatowej.<\/p>\n<\/div>\n<\/div><\/div><div id=\"panel-959-0-0-1\" class=\"so-panel widget widget_sow-editor\" data-index=\"1\" ><div\n\t\t\t\n\t\t\tclass=\"so-widget-sow-editor so-widget-sow-editor-base\"\n\t\t\t\n\t\t>\n<div class=\"siteorigin-widget-tinymce textwidget\">\n\t<p><center><iframe loading=\"lazy\" width=\"560\" height=\"315\" src=\"https:\/\/www.youtube.com\/embed\/dSWCRmsPZ6Q\" frameborder=\"0\" allow=\"autoplay; encrypted-media\" allowfullscreen><\/iframe><\/center><\/p>\n<\/div>\n<\/div><\/div><div id=\"panel-959-0-0-2\" class=\"so-panel widget widget_media_gallery panel-last-child\" data-index=\"2\" ><div id='gallery-1' class='gallery galleryid-959 gallery-columns-5 gallery-size-thumbnail'><figure class='gallery-item'>\n\t\t\t<div class='gallery-icon landscape'>\n\t\t\t\t<a href='https:\/\/kzzywiec.org\/wp-content\/uploads\/2018\/02\/img_4190.jpg'><img loading=\"lazy\" decoding=\"async\" width=\"150\" height=\"150\" src=\"https:\/\/kzzywiec.org\/wp-content\/uploads\/2018\/02\/img_4190-150x150.jpg\" class=\"attachment-thumbnail size-thumbnail\" alt=\"\" srcset=\"https:\/\/kzzywiec.org\/wp-content\/uploads\/2018\/02\/img_4190-150x150.jpg 150w, https:\/\/kzzywiec.org\/wp-content\/uploads\/2018\/02\/img_4190-100x100.jpg 100w\" sizes=\"auto, 100vw\" \/><\/a>\n\t\t\t<\/div><\/figure><figure class='gallery-item'>\n\t\t\t<div class='gallery-icon landscape'>\n\t\t\t\t<a href='https:\/\/kzzywiec.org\/wp-content\/uploads\/2018\/02\/img_4191.jpg'><img loading=\"lazy\" decoding=\"async\" width=\"150\" height=\"150\" src=\"https:\/\/kzzywiec.org\/wp-content\/uploads\/2018\/02\/img_4191-150x150.jpg\" class=\"attachment-thumbnail size-thumbnail\" alt=\"\" srcset=\"https:\/\/kzzywiec.org\/wp-content\/uploads\/2018\/02\/img_4191-150x150.jpg 150w, https:\/\/kzzywiec.org\/wp-content\/uploads\/2018\/02\/img_4191-100x100.jpg 100w\" sizes=\"auto, 100vw\" \/><\/a>\n\t\t\t<\/div><\/figure><figure class='gallery-item'>\n\t\t\t<div class='gallery-icon landscape'>\n\t\t\t\t<a href='https:\/\/kzzywiec.org\/wp-content\/uploads\/2018\/02\/img_4196.jpg'><img loading=\"lazy\" decoding=\"async\" width=\"150\" height=\"150\" src=\"https:\/\/kzzywiec.org\/wp-content\/uploads\/2018\/02\/img_4196-150x150.jpg\" class=\"attachment-thumbnail size-thumbnail\" alt=\"\" srcset=\"https:\/\/kzzywiec.org\/wp-content\/uploads\/2018\/02\/img_4196-150x150.jpg 150w, https:\/\/kzzywiec.org\/wp-content\/uploads\/2018\/02\/img_4196-100x100.jpg 100w\" sizes=\"auto, 100vw\" \/><\/a>\n\t\t\t<\/div><\/figure><figure class='gallery-item'>\n\t\t\t<div class='gallery-icon landscape'>\n\t\t\t\t<a href='https:\/\/kzzywiec.org\/wp-content\/uploads\/2018\/02\/img_4192.jpg'><img loading=\"lazy\" decoding=\"async\" width=\"150\" height=\"150\" src=\"https:\/\/kzzywiec.org\/wp-content\/uploads\/2018\/02\/img_4192-150x150.jpg\" class=\"attachment-thumbnail size-thumbnail\" alt=\"\" srcset=\"https:\/\/kzzywiec.org\/wp-content\/uploads\/2018\/02\/img_4192-150x150.jpg 150w, https:\/\/kzzywiec.org\/wp-content\/uploads\/2018\/02\/img_4192-100x100.jpg 100w\" sizes=\"auto, 100vw\" \/><\/a>\n\t\t\t<\/div><\/figure><figure class='gallery-item'>\n\t\t\t<div class='gallery-icon landscape'>\n\t\t\t\t<a href='https:\/\/kzzywiec.org\/wp-content\/uploads\/2018\/02\/img_4207.jpg'><img loading=\"lazy\" decoding=\"async\" width=\"150\" height=\"150\" src=\"https:\/\/kzzywiec.org\/wp-content\/uploads\/2018\/02\/img_4207-150x150.jpg\" class=\"attachment-thumbnail size-thumbnail\" alt=\"\" srcset=\"https:\/\/kzzywiec.org\/wp-content\/uploads\/2018\/02\/img_4207-150x150.jpg 150w, https:\/\/kzzywiec.org\/wp-content\/uploads\/2018\/02\/img_4207-100x100.jpg 100w\" sizes=\"auto, 100vw\" \/><\/a>\n\t\t\t<\/div><\/figure><figure class='gallery-item'>\n\t\t\t<div class='gallery-icon landscape'>\n\t\t\t\t<a href='https:\/\/kzzywiec.org\/wp-content\/uploads\/2018\/02\/img_4206.jpg'><img loading=\"lazy\" decoding=\"async\" width=\"150\" height=\"150\" src=\"https:\/\/kzzywiec.org\/wp-content\/uploads\/2018\/02\/img_4206-150x150.jpg\" class=\"attachment-thumbnail size-thumbnail\" alt=\"\" srcset=\"https:\/\/kzzywiec.org\/wp-content\/uploads\/2018\/02\/img_4206-150x150.jpg 150w, https:\/\/kzzywiec.org\/wp-content\/uploads\/2018\/02\/img_4206-100x100.jpg 100w\" sizes=\"auto, 100vw\" \/><\/a>\n\t\t\t<\/div><\/figure><figure class='gallery-item'>\n\t\t\t<div class='gallery-icon landscape'>\n\t\t\t\t<a href='https:\/\/kzzywiec.org\/wp-content\/uploads\/2018\/02\/img_4205.jpg'><img loading=\"lazy\" decoding=\"async\" width=\"150\" height=\"150\" src=\"https:\/\/kzzywiec.org\/wp-content\/uploads\/2018\/02\/img_4205-150x150.jpg\" class=\"attachment-thumbnail size-thumbnail\" alt=\"\" srcset=\"https:\/\/kzzywiec.org\/wp-content\/uploads\/2018\/02\/img_4205-150x150.jpg 150w, https:\/\/kzzywiec.org\/wp-content\/uploads\/2018\/02\/img_4205-100x100.jpg 100w\" sizes=\"auto, 100vw\" \/><\/a>\n\t\t\t<\/div><\/figure><figure class='gallery-item'>\n\t\t\t<div class='gallery-icon landscape'>\n\t\t\t\t<a href='https:\/\/kzzywiec.org\/wp-content\/uploads\/2018\/02\/img_4204.jpg'><img loading=\"lazy\" decoding=\"async\" width=\"150\" height=\"150\" src=\"https:\/\/kzzywiec.org\/wp-content\/uploads\/2018\/02\/img_4204-150x150.jpg\" class=\"attachment-thumbnail size-thumbnail\" alt=\"\" srcset=\"https:\/\/kzzywiec.org\/wp-content\/uploads\/2018\/02\/img_4204-150x150.jpg 150w, https:\/\/kzzywiec.org\/wp-content\/uploads\/2018\/02\/img_4204-100x100.jpg 100w\" sizes=\"auto, 100vw\" \/><\/a>\n\t\t\t<\/div><\/figure><figure class='gallery-item'>\n\t\t\t<div class='gallery-icon landscape'>\n\t\t\t\t<a href='https:\/\/kzzywiec.org\/wp-content\/uploads\/2018\/02\/img_4203.jpg'><img loading=\"lazy\" decoding=\"async\" width=\"150\" height=\"150\" src=\"https:\/\/kzzywiec.org\/wp-content\/uploads\/2018\/02\/img_4203-150x150.jpg\" class=\"attachment-thumbnail size-thumbnail\" alt=\"\" srcset=\"https:\/\/kzzywiec.org\/wp-content\/uploads\/2018\/02\/img_4203-150x150.jpg 150w, https:\/\/kzzywiec.org\/wp-content\/uploads\/2018\/02\/img_4203-100x100.jpg 100w\" sizes=\"auto, 100vw\" \/><\/a>\n\t\t\t<\/div><\/figure><figure class='gallery-item'>\n\t\t\t<div class='gallery-icon landscape'>\n\t\t\t\t<a href='https:\/\/kzzywiec.org\/wp-content\/uploads\/2018\/02\/img_4202.jpg'><img loading=\"lazy\" decoding=\"async\" width=\"150\" height=\"150\" src=\"https:\/\/kzzywiec.org\/wp-content\/uploads\/2018\/02\/img_4202-150x150.jpg\" class=\"attachment-thumbnail size-thumbnail\" alt=\"\" srcset=\"https:\/\/kzzywiec.org\/wp-content\/uploads\/2018\/02\/img_4202-150x150.jpg 150w, https:\/\/kzzywiec.org\/wp-content\/uploads\/2018\/02\/img_4202-100x100.jpg 100w\" sizes=\"auto, 100vw\" \/><\/a>\n\t\t\t<\/div><\/figure><figure class='gallery-item'>\n\t\t\t<div class='gallery-icon landscape'>\n\t\t\t\t<a href='https:\/\/kzzywiec.org\/wp-content\/uploads\/2018\/02\/img_4201.jpg'><img loading=\"lazy\" decoding=\"async\" width=\"150\" height=\"150\" src=\"https:\/\/kzzywiec.org\/wp-content\/uploads\/2018\/02\/img_4201-150x150.jpg\" class=\"attachment-thumbnail size-thumbnail\" alt=\"\" srcset=\"https:\/\/kzzywiec.org\/wp-content\/uploads\/2018\/02\/img_4201-150x150.jpg 150w, https:\/\/kzzywiec.org\/wp-content\/uploads\/2018\/02\/img_4201-100x100.jpg 100w\" sizes=\"auto, 100vw\" \/><\/a>\n\t\t\t<\/div><\/figure><figure class='gallery-item'>\n\t\t\t<div class='gallery-icon landscape'>\n\t\t\t\t<a href='https:\/\/kzzywiec.org\/wp-content\/uploads\/2018\/02\/img_4199.jpg'><img loading=\"lazy\" decoding=\"async\" width=\"150\" height=\"150\" src=\"https:\/\/kzzywiec.org\/wp-content\/uploads\/2018\/02\/img_4199-150x150.jpg\" class=\"attachment-thumbnail size-thumbnail\" alt=\"\" srcset=\"https:\/\/kzzywiec.org\/wp-content\/uploads\/2018\/02\/img_4199-150x150.jpg 150w, https:\/\/kzzywiec.org\/wp-content\/uploads\/2018\/02\/img_4199-100x100.jpg 100w\" sizes=\"auto, 100vw\" \/><\/a>\n\t\t\t<\/div><\/figure><figure class='gallery-item'>\n\t\t\t<div class='gallery-icon landscape'>\n\t\t\t\t<a href='https:\/\/kzzywiec.org\/wp-content\/uploads\/2018\/02\/img_4198.jpg'><img loading=\"lazy\" decoding=\"async\" width=\"150\" height=\"150\" src=\"https:\/\/kzzywiec.org\/wp-content\/uploads\/2018\/02\/img_4198-150x150.jpg\" class=\"attachment-thumbnail size-thumbnail\" alt=\"\" srcset=\"https:\/\/kzzywiec.org\/wp-content\/uploads\/2018\/02\/img_4198-150x150.jpg 150w, https:\/\/kzzywiec.org\/wp-content\/uploads\/2018\/02\/img_4198-100x100.jpg 100w\" sizes=\"auto, 100vw\" \/><\/a>\n\t\t\t<\/div><\/figure><figure class='gallery-item'>\n\t\t\t<div class='gallery-icon landscape'>\n\t\t\t\t<a href='https:\/\/kzzywiec.org\/wp-content\/uploads\/2018\/02\/img_4197.jpg'><img loading=\"lazy\" decoding=\"async\" width=\"150\" height=\"150\" src=\"https:\/\/kzzywiec.org\/wp-content\/uploads\/2018\/02\/img_4197-150x150.jpg\" class=\"attachment-thumbnail size-thumbnail\" alt=\"\" srcset=\"https:\/\/kzzywiec.org\/wp-content\/uploads\/2018\/02\/img_4197-150x150.jpg 150w, https:\/\/kzzywiec.org\/wp-content\/uploads\/2018\/02\/img_4197-100x100.jpg 100w\" sizes=\"auto, 100vw\" \/><\/a>\n\t\t\t<\/div><\/figure><figure class='gallery-item'>\n\t\t\t<div class='gallery-icon landscape'>\n\t\t\t\t<a href='https:\/\/kzzywiec.org\/wp-content\/uploads\/2018\/02\/img_4194.jpg'><img loading=\"lazy\" decoding=\"async\" width=\"150\" height=\"150\" src=\"https:\/\/kzzywiec.org\/wp-content\/uploads\/2018\/02\/img_4194-150x150.jpg\" class=\"attachment-thumbnail size-thumbnail\" alt=\"\" srcset=\"https:\/\/kzzywiec.org\/wp-content\/uploads\/2018\/02\/img_4194-150x150.jpg 150w, https:\/\/kzzywiec.org\/wp-content\/uploads\/2018\/02\/img_4194-100x100.jpg 100w\" sizes=\"auto, 100vw\" \/><\/a>\n\t\t\t<\/div><\/figure><figure class='gallery-item'>\n\t\t\t<div class='gallery-icon landscape'>\n\t\t\t\t<a href='https:\/\/kzzywiec.org\/wp-content\/uploads\/2018\/02\/img_4193.jpg'><img loading=\"lazy\" decoding=\"async\" width=\"150\" height=\"150\" src=\"https:\/\/kzzywiec.org\/wp-content\/uploads\/2018\/02\/img_4193-150x150.jpg\" class=\"attachment-thumbnail size-thumbnail\" alt=\"\" srcset=\"https:\/\/kzzywiec.org\/wp-content\/uploads\/2018\/02\/img_4193-150x150.jpg 150w, https:\/\/kzzywiec.org\/wp-content\/uploads\/2018\/02\/img_4193-100x100.jpg 100w\" sizes=\"auto, 100vw\" \/><\/a>\n\t\t\t<\/div><\/figure><figure class='gallery-item'>\n\t\t\t<div class='gallery-icon landscape'>\n\t\t\t\t<a href='https:\/\/kzzywiec.org\/wp-content\/uploads\/2018\/02\/img_4186.jpg'><img loading=\"lazy\" decoding=\"async\" width=\"150\" height=\"150\" src=\"https:\/\/kzzywiec.org\/wp-content\/uploads\/2018\/02\/img_4186-150x150.jpg\" class=\"attachment-thumbnail size-thumbnail\" alt=\"\" srcset=\"https:\/\/kzzywiec.org\/wp-content\/uploads\/2018\/02\/img_4186-150x150.jpg 150w, https:\/\/kzzywiec.org\/wp-content\/uploads\/2018\/02\/img_4186-100x100.jpg 100w\" sizes=\"auto, 100vw\" \/><\/a>\n\t\t\t<\/div><\/figure><figure class='gallery-item'>\n\t\t\t<div class='gallery-icon landscape'>\n\t\t\t\t<a href='https:\/\/kzzywiec.org\/wp-content\/uploads\/2018\/02\/img_4187.jpg'><img loading=\"lazy\" decoding=\"async\" width=\"150\" height=\"150\" src=\"https:\/\/kzzywiec.org\/wp-content\/uploads\/2018\/02\/img_4187-150x150.jpg\" class=\"attachment-thumbnail size-thumbnail\" alt=\"\" srcset=\"https:\/\/kzzywiec.org\/wp-content\/uploads\/2018\/02\/img_4187-150x150.jpg 150w, https:\/\/kzzywiec.org\/wp-content\/uploads\/2018\/02\/img_4187-100x100.jpg 100w\" sizes=\"auto, 100vw\" \/><\/a>\n\t\t\t<\/div><\/figure><figure class='gallery-item'>\n\t\t\t<div class='gallery-icon landscape'>\n\t\t\t\t<a href='https:\/\/kzzywiec.org\/wp-content\/uploads\/2018\/02\/img_4188.jpg'><img loading=\"lazy\" decoding=\"async\" width=\"150\" height=\"150\" src=\"https:\/\/kzzywiec.org\/wp-content\/uploads\/2018\/02\/img_4188-150x150.jpg\" class=\"attachment-thumbnail size-thumbnail\" alt=\"\" srcset=\"https:\/\/kzzywiec.org\/wp-content\/uploads\/2018\/02\/img_4188-150x150.jpg 150w, https:\/\/kzzywiec.org\/wp-content\/uploads\/2018\/02\/img_4188-100x100.jpg 100w\" sizes=\"auto, 100vw\" \/><\/a>\n\t\t\t<\/div><\/figure>\n\t\t<\/div>\n<\/div><\/div><\/div><\/div>","protected":false},"excerpt":{"rendered":"<p>Po wykoszeniu trawy na kirkucie w Zab\u0142ociu, ods\u0142oni\u0142y si\u0119 macewy, kt\u00f3rych zwykle nie wida\u0107. Prawdziwym artyzmem mo\u017cemy zachwyca\u0107 si\u0119 ogl\u0105daj\u0105c nagrobkowe p\u0142askorze\u017aby. Ich symboliczne motywy wywodz\u0105 si\u0119 z zasad religii moj\u017ceszowej i dawnej historii \u017byd\u00f3w. Na \u017cywieckim cmentarzu mo\u017cemy spotka\u0107 wyrze\u017abiony symbol b\u0142ogos\u0142awi\u0105cych d\u0142oni, kt\u00f3re r\u00f3wnie\u017c wznoszono w podobnym ge\u015bcie w synagodze, aby b\u0142ogos\u0142awi\u0107 wiernych. &hellip; <\/p>\n<p class=\"link-more\"><a href=\"https:\/\/kzzywiec.org\/index.php\/cmentarz-zydowski\/\" class=\"more-link\">Czytaj dalej<span class=\"screen-reader-text\"> \u201eCmentarz \u017bydowski\u201d<\/span><\/a><\/p>\n","protected":false},"author":1,"featured_media":0,"parent":0,"menu_order":0,"comment_status":"closed","ping_status":"closed","template":"","meta":{"footnotes":""},"class_list":["post-959","page","type-page","status-publish","hentry"],"yoast_head":"<!-- This site is optimized with the Yoast SEO plugin v26.8 - https:\/\/yoast.com\/product\/yoast-seo-wordpress\/ -->\n<title>Ko\u015bci\u00f3\u0142 Zielono\u015bwi\u0105tkowy Zb\u00f3r w \u017bywcu<\/title>\n<meta name=\"description\" content=\"Ko\u015bci\u00f3\u0142 Zielono\u015bwi\u0105tkowy w \u017bywcu to spo\u0142eczno\u015b\u0107 chrze\u015bcija\u0144ska o charakterze charyzmatycznym. G\u0142osimy pe\u0142n\u0105 ewangeli\u0119 i wyznajemy, \u017ce Pismo \u015awi\u0119te jest podstawow\u0105 norm\u0105 naszej wiary i przewodnikiem do \u017cycia zgodnego z wol\u0105 Bo\u017c\u0105.\" \/>\n<meta name=\"robots\" content=\"index, follow, max-snippet:-1, max-image-preview:large, max-video-preview:-1\" \/>\n<link rel=\"canonical\" href=\"https:\/\/kzzywiec.org\/index.php\/cmentarz-zydowski\/\" \/>\n<meta property=\"og:locale\" content=\"pl_PL\" \/>\n<meta property=\"og:type\" content=\"article\" \/>\n<meta property=\"og:title\" content=\"Ko\u015bci\u00f3\u0142 Zielono\u015bwi\u0105tkowy Zb\u00f3r w \u017bywcu\" \/>\n<meta property=\"og:description\" content=\"Ko\u015bci\u00f3\u0142 Zielono\u015bwi\u0105tkowy w \u017bywcu to spo\u0142eczno\u015b\u0107 chrze\u015bcija\u0144ska o charakterze charyzmatycznym. G\u0142osimy pe\u0142n\u0105 ewangeli\u0119 i wyznajemy, \u017ce Pismo \u015awi\u0119te jest podstawow\u0105 norm\u0105 naszej wiary i przewodnikiem do \u017cycia zgodnego z wol\u0105 Bo\u017c\u0105.\" \/>\n<meta property=\"og:url\" content=\"https:\/\/kzzywiec.org\/index.php\/cmentarz-zydowski\/\" \/>\n<meta property=\"og:site_name\" content=\"Ko\u015bci\u00f3\u0142 Zielono\u015bwi\u0105tkowy Zb\u00f3r w \u017bywcu\" \/>\n<meta property=\"article:publisher\" content=\"https:\/\/www.facebook.com\/kzzywiec\/\" \/>\n<meta property=\"article:modified_time\" content=\"2018-07-22T13:10:37+00:00\" \/>\n<meta name=\"twitter:card\" content=\"summary_large_image\" \/>\n<meta name=\"twitter:label1\" content=\"Szacowany czas czytania\" \/>\n\t<meta name=\"twitter:data1\" content=\"1 minuta\" \/>\n<script type=\"application\/ld+json\" class=\"yoast-schema-graph\">{\"@context\":\"https:\/\/schema.org\",\"@graph\":[{\"@type\":\"WebPage\",\"@id\":\"https:\/\/kzzywiec.org\/index.php\/cmentarz-zydowski\/\",\"url\":\"https:\/\/kzzywiec.org\/index.php\/cmentarz-zydowski\/\",\"name\":\"Ko\u015bci\u00f3\u0142 Zielono\u015bwi\u0105tkowy Zb\u00f3r w \u017bywcu\",\"isPartOf\":{\"@id\":\"https:\/\/kzzywiec.org\/#website\"},\"datePublished\":\"2018-02-17T12:53:12+00:00\",\"dateModified\":\"2018-07-22T13:10:37+00:00\",\"description\":\"Ko\u015bci\u00f3\u0142 Zielono\u015bwi\u0105tkowy w \u017bywcu to spo\u0142eczno\u015b\u0107 chrze\u015bcija\u0144ska o charakterze charyzmatycznym. G\u0142osimy pe\u0142n\u0105 ewangeli\u0119 i wyznajemy, \u017ce Pismo \u015awi\u0119te jest podstawow\u0105 norm\u0105 naszej wiary i przewodnikiem do \u017cycia zgodnego z wol\u0105 Bo\u017c\u0105.\",\"breadcrumb\":{\"@id\":\"https:\/\/kzzywiec.org\/index.php\/cmentarz-zydowski\/#breadcrumb\"},\"inLanguage\":\"pl-PL\",\"potentialAction\":[{\"@type\":\"ReadAction\",\"target\":[\"https:\/\/kzzywiec.org\/index.php\/cmentarz-zydowski\/\"]}]},{\"@type\":\"BreadcrumbList\",\"@id\":\"https:\/\/kzzywiec.org\/index.php\/cmentarz-zydowski\/#breadcrumb\",\"itemListElement\":[{\"@type\":\"ListItem\",\"position\":1,\"name\":\"Strona g\u0142\u00f3wna\",\"item\":\"https:\/\/kzzywiec.org\/\"},{\"@type\":\"ListItem\",\"position\":2,\"name\":\"Cmentarz \u017bydowski\"}]},{\"@type\":\"WebSite\",\"@id\":\"https:\/\/kzzywiec.org\/#website\",\"url\":\"https:\/\/kzzywiec.org\/\",\"name\":\"Ko\u015bci\u00f3\u0142 Zielono\u015bwi\u0105tkowy Zb\u00f3r w \u017bywcu\",\"description\":\"\",\"publisher\":{\"@id\":\"https:\/\/kzzywiec.org\/#organization\"},\"potentialAction\":[{\"@type\":\"SearchAction\",\"target\":{\"@type\":\"EntryPoint\",\"urlTemplate\":\"https:\/\/kzzywiec.org\/?s={search_term_string}\"},\"query-input\":{\"@type\":\"PropertyValueSpecification\",\"valueRequired\":true,\"valueName\":\"search_term_string\"}}],\"inLanguage\":\"pl-PL\"},{\"@type\":\"Organization\",\"@id\":\"https:\/\/kzzywiec.org\/#organization\",\"name\":\"Ko\u015bci\u00f3\u0142 Zielono\u015bwi\u0105tkowy Zb\u00f3r w \u017bywcu\",\"url\":\"https:\/\/kzzywiec.org\/\",\"logo\":{\"@type\":\"ImageObject\",\"inLanguage\":\"pl-PL\",\"@id\":\"https:\/\/kzzywiec.org\/#\/schema\/logo\/image\/\",\"url\":\"https:\/\/kzzywiec.org\/wp-content\/uploads\/2018\/02\/ikona.png\",\"contentUrl\":\"https:\/\/kzzywiec.org\/wp-content\/uploads\/2018\/02\/ikona.png\",\"width\":512,\"height\":512,\"caption\":\"Ko\u015bci\u00f3\u0142 Zielono\u015bwi\u0105tkowy Zb\u00f3r w \u017bywcu\"},\"image\":{\"@id\":\"https:\/\/kzzywiec.org\/#\/schema\/logo\/image\/\"},\"sameAs\":[\"https:\/\/www.facebook.com\/kzzywiec\/\"]}]}<\/script>\n<!-- \/ Yoast SEO plugin. -->","yoast_head_json":{"title":"Ko\u015bci\u00f3\u0142 Zielono\u015bwi\u0105tkowy Zb\u00f3r w \u017bywcu","description":"Ko\u015bci\u00f3\u0142 Zielono\u015bwi\u0105tkowy w \u017bywcu to spo\u0142eczno\u015b\u0107 chrze\u015bcija\u0144ska o charakterze charyzmatycznym. G\u0142osimy pe\u0142n\u0105 ewangeli\u0119 i wyznajemy, \u017ce Pismo \u015awi\u0119te jest podstawow\u0105 norm\u0105 naszej wiary i przewodnikiem do \u017cycia zgodnego z wol\u0105 Bo\u017c\u0105.","robots":{"index":"index","follow":"follow","max-snippet":"max-snippet:-1","max-image-preview":"max-image-preview:large","max-video-preview":"max-video-preview:-1"},"canonical":"https:\/\/kzzywiec.org\/index.php\/cmentarz-zydowski\/","og_locale":"pl_PL","og_type":"article","og_title":"Ko\u015bci\u00f3\u0142 Zielono\u015bwi\u0105tkowy Zb\u00f3r w \u017bywcu","og_description":"Ko\u015bci\u00f3\u0142 Zielono\u015bwi\u0105tkowy w \u017bywcu to spo\u0142eczno\u015b\u0107 chrze\u015bcija\u0144ska o charakterze charyzmatycznym. G\u0142osimy pe\u0142n\u0105 ewangeli\u0119 i wyznajemy, \u017ce Pismo \u015awi\u0119te jest podstawow\u0105 norm\u0105 naszej wiary i przewodnikiem do \u017cycia zgodnego z wol\u0105 Bo\u017c\u0105.","og_url":"https:\/\/kzzywiec.org\/index.php\/cmentarz-zydowski\/","og_site_name":"Ko\u015bci\u00f3\u0142 Zielono\u015bwi\u0105tkowy Zb\u00f3r w \u017bywcu","article_publisher":"https:\/\/www.facebook.com\/kzzywiec\/","article_modified_time":"2018-07-22T13:10:37+00:00","twitter_card":"summary_large_image","twitter_misc":{"Szacowany czas czytania":"1 minuta"},"schema":{"@context":"https:\/\/schema.org","@graph":[{"@type":"WebPage","@id":"https:\/\/kzzywiec.org\/index.php\/cmentarz-zydowski\/","url":"https:\/\/kzzywiec.org\/index.php\/cmentarz-zydowski\/","name":"Ko\u015bci\u00f3\u0142 Zielono\u015bwi\u0105tkowy Zb\u00f3r w \u017bywcu","isPartOf":{"@id":"https:\/\/kzzywiec.org\/#website"},"datePublished":"2018-02-17T12:53:12+00:00","dateModified":"2018-07-22T13:10:37+00:00","description":"Ko\u015bci\u00f3\u0142 Zielono\u015bwi\u0105tkowy w \u017bywcu to spo\u0142eczno\u015b\u0107 chrze\u015bcija\u0144ska o charakterze charyzmatycznym. G\u0142osimy pe\u0142n\u0105 ewangeli\u0119 i wyznajemy, \u017ce Pismo \u015awi\u0119te jest podstawow\u0105 norm\u0105 naszej wiary i przewodnikiem do \u017cycia zgodnego z wol\u0105 Bo\u017c\u0105.","breadcrumb":{"@id":"https:\/\/kzzywiec.org\/index.php\/cmentarz-zydowski\/#breadcrumb"},"inLanguage":"pl-PL","potentialAction":[{"@type":"ReadAction","target":["https:\/\/kzzywiec.org\/index.php\/cmentarz-zydowski\/"]}]},{"@type":"BreadcrumbList","@id":"https:\/\/kzzywiec.org\/index.php\/cmentarz-zydowski\/#breadcrumb","itemListElement":[{"@type":"ListItem","position":1,"name":"Strona g\u0142\u00f3wna","item":"https:\/\/kzzywiec.org\/"},{"@type":"ListItem","position":2,"name":"Cmentarz \u017bydowski"}]},{"@type":"WebSite","@id":"https:\/\/kzzywiec.org\/#website","url":"https:\/\/kzzywiec.org\/","name":"Ko\u015bci\u00f3\u0142 Zielono\u015bwi\u0105tkowy Zb\u00f3r w \u017bywcu","description":"","publisher":{"@id":"https:\/\/kzzywiec.org\/#organization"},"potentialAction":[{"@type":"SearchAction","target":{"@type":"EntryPoint","urlTemplate":"https:\/\/kzzywiec.org\/?s={search_term_string}"},"query-input":{"@type":"PropertyValueSpecification","valueRequired":true,"valueName":"search_term_string"}}],"inLanguage":"pl-PL"},{"@type":"Organization","@id":"https:\/\/kzzywiec.org\/#organization","name":"Ko\u015bci\u00f3\u0142 Zielono\u015bwi\u0105tkowy Zb\u00f3r w \u017bywcu","url":"https:\/\/kzzywiec.org\/","logo":{"@type":"ImageObject","inLanguage":"pl-PL","@id":"https:\/\/kzzywiec.org\/#\/schema\/logo\/image\/","url":"https:\/\/kzzywiec.org\/wp-content\/uploads\/2018\/02\/ikona.png","contentUrl":"https:\/\/kzzywiec.org\/wp-content\/uploads\/2018\/02\/ikona.png","width":512,"height":512,"caption":"Ko\u015bci\u00f3\u0142 Zielono\u015bwi\u0105tkowy Zb\u00f3r w \u017bywcu"},"image":{"@id":"https:\/\/kzzywiec.org\/#\/schema\/logo\/image\/"},"sameAs":["https:\/\/www.facebook.com\/kzzywiec\/"]}]}},"_links":{"self":[{"href":"https:\/\/kzzywiec.org\/index.php\/wp-json\/wp\/v2\/pages\/959","targetHints":{"allow":["GET"]}}],"collection":[{"href":"https:\/\/kzzywiec.org\/index.php\/wp-json\/wp\/v2\/pages"}],"about":[{"href":"https:\/\/kzzywiec.org\/index.php\/wp-json\/wp\/v2\/types\/page"}],"author":[{"embeddable":true,"href":"https:\/\/kzzywiec.org\/index.php\/wp-json\/wp\/v2\/users\/1"}],"replies":[{"embeddable":true,"href":"https:\/\/kzzywiec.org\/index.php\/wp-json\/wp\/v2\/comments?post=959"}],"version-history":[{"count":21,"href":"https:\/\/kzzywiec.org\/index.php\/wp-json\/wp\/v2\/pages\/959\/revisions"}],"predecessor-version":[{"id":1722,"href":"https:\/\/kzzywiec.org\/index.php\/wp-json\/wp\/v2\/pages\/959\/revisions\/1722"}],"wp:attachment":[{"href":"https:\/\/kzzywiec.org\/index.php\/wp-json\/wp\/v2\/media?parent=959"}],"curies":[{"name":"wp","href":"https:\/\/api.w.org\/{rel}","templated":true}]}}