{"id":53,"date":"2018-02-08T18:11:14","date_gmt":"2018-02-08T18:11:14","guid":{"rendered":"http:\/\/nowa.kzzywiec.org\/?page_id=53"},"modified":"2018-02-26T10:01:55","modified_gmt":"2018-02-26T10:01:55","slug":"sluzby","status":"publish","type":"page","link":"https:\/\/kzzywiec.org\/index.php\/sluzby\/","title":{"rendered":"S\u0142u\u017cby"},"content":{"rendered":"<div id=\"pl-53\"  class=\"panel-layout\" ><div id=\"pg-53-0\"  class=\"panel-grid panel-no-style\" ><div id=\"pgc-53-0-0\"  class=\"panel-grid-cell\" ><div id=\"panel-53-0-0-0\" class=\"so-panel widget widget_sow-features panel-first-child panel-last-child\" data-index=\"0\" ><div\n\t\t\t\n\t\t\tclass=\"so-widget-sow-features so-widget-sow-features-default-b75b75e1700e-53\"\n\t\t\t\n\t\t><ul\n\tclass=\"sow-features-list\n\tsow-features-responsive\">\n\n\t\t\t<li\n\t\t\tclass=\"sow-features-feature sow-icon-container-position-top\"\n\t\t\tstyle=\"display: flex; flex-direction: column; width: calc(50% - 25px);\"\n\t\t>\n\t\t\t\n\t\t\t\t\t\t<div\t\t\t\tclass=\"sow-icon-container sow-container-round\"\n\t\t\t\tstyle=\"color: #404040; \"\n\t\t\t\t\n\t\t\t\t\t\t\t>\n\t\t\t\t<span class=\"sow-icon-ionicons\" data-sow-icon=\"&#xf38c;\"\n\t\tstyle=\"font-size: 34px; color: #FFFFFF\" \n\t\taria-hidden=\"true\"><\/span>\t\t\t<\/div>\n\n\t\t\t<div class=\"textwidget\">\n\t\t\t\t\n\t\t\t\t\t\t\t\t\t<h5 class=\"sow-features-feature-title\">\n\t\t\t\t\t\tIndie\t\t\t\t\t<\/h5>\n\t\t\t\t\n\t\t\t\t\t\t\t\t\t<div class=\"sow-features-feature-text\">\n\t\t\t\t\t<p>Na sercu naszego Zboru B\u00f3g po\u0142o\u017cy\u0142 wsparcie misji pastor\u00f3w w Indiach, kt\u00f3rzy ryzykuj\u0105c cz\u0119sto w\u0142asnym \u017cyciem nios\u0105 \u015bwiat\u0142o Ewangelii w swoim kraju. Wspomagamy ich w modlitwie oraz w formie finansowej tak by pieni\u0105dze nigdy nie sta\u0142y si\u0119 dla nich i ich rodzin przeszkod\u0105 w pracy.<\/p>\t\t\t\t\t<\/div>\n\t\t\t\t\t\t\t\t<\/div>\n\t\t\t\t\t\t\t\t<\/li>\n\n\t\t\t<li\n\t\t\tclass=\"sow-features-feature sow-icon-container-position-top\"\n\t\t\tstyle=\"display: flex; flex-direction: column; width: calc(50% - 25px);\"\n\t\t>\n\t\t\t\n\t\t\t\t\t\t<div\t\t\t\tclass=\"sow-icon-container sow-container-round\"\n\t\t\t\tstyle=\"color: #404040; \"\n\t\t\t\t\n\t\t\t\t\t\t\t>\n\t\t\t\t<span class=\"sow-icon-fontawesome sow-fas\" data-sow-icon=\"&#xf1ae;\"\n\t\tstyle=\"font-size: 34px; color: #FFFFFF\" \n\t\taria-hidden=\"true\"><\/span>\t\t\t<\/div>\n\n\t\t\t<div class=\"textwidget\">\n\t\t\t\t\n\t\t\t\t\t\t\t\t\t<h5 class=\"sow-features-feature-title\">\n\t\t\t\t\t\tUganda\t\t\t\t\t<\/h5>\n\t\t\t\t\n\t\t\t\t\t\t\t\t\t<div class=\"sow-features-feature-text\">\n\t\t\t\t\t<p><em>\"<\/em><em>Pozw\u00f3lcie przychodzi\u0107 do mnie dzieciom oraz nie zabraniajcie im; <br \/>bowiem takich jest Kr\u00f3lestwo Boga.\"\u00a0\u2013<\/em>\u00a0Mk. 10; 14<\/p>\n<p>Wspieramy w modlitwie oraz finansowo sieroty w Ugandzie. Nasza pomoc jest wykorzystywana przez miejscowych misjonarzy do budowania potrzebnych zabudowa\u0107 i pomieszcze\u0144, karmieniu dzieci oraz kszta\u0142ceniu ich.<\/p>\t\t\t\t\t<\/div>\n\t\t\t\t\t\t\t\t<\/div>\n\t\t\t\t\t\t\t\t<\/li>\n\n\t\t\t<li\n\t\t\tclass=\"sow-features-feature sow-icon-container-position-top\"\n\t\t\tstyle=\"display: flex; flex-direction: column; width: calc(50% - 25px);\"\n\t\t>\n\t\t\t\n\t\t\t\t\t\t<div\t\t\t\tclass=\"sow-icon-container sow-container-round\"\n\t\t\t\tstyle=\"color: #404040; \"\n\t\t\t\t\n\t\t\t\t\t\t\t>\n\t\t\t\t<span class=\"sow-icon-fontawesome sow-fas\" data-sow-icon=\"&#xf015;\"\n\t\tstyle=\"font-size: 34px; color: #FFFFFF\" \n\t\taria-hidden=\"true\"><\/span>\t\t\t<\/div>\n\n\t\t\t<div class=\"textwidget\">\n\t\t\t\t\n\t\t\t\t\t\t\t\t\t<h5 class=\"sow-features-feature-title\">\n\t\t\t\t\t\tDom Pomocy Spo\u0142ecznej\t\t\t\t\t<\/h5>\n\t\t\t\t\n\t\t\t\t\t\t\t\t\t<div class=\"sow-features-feature-text\">\n\t\t\t\t\t<p>S\u0142u\u017cba w Domu Pomocy Spo\u0142ecznej ma na celu przynie\u015b\u0107 \u015bwiat\u0142o Ewangelii do tych, kt\u00f3rzy czuj\u0105 opuszczeni przez wszystkich. Spotykamy si\u0119<br \/> z podopiecznymi DPS'u by modli\u0107 si\u0119 z nimi, opowiada\u0107 im \u015bwiadectwa i m\u00f3wi\u0107 im <br \/>o codziennej relacji\u00a0z Bogiem.<br \/><a href=\"http:\/\/nowa.kzzywiec.org\/index.php\/dps\/\">Wi\u0119cej informacji<\/a><\/p>\t\t\t\t\t<\/div>\n\t\t\t\t\t\t\t\t<\/div>\n\t\t\t\t\t\t\t\t<\/li>\n\n\t\t\t<li\n\t\t\tclass=\"sow-features-feature sow-icon-container-position-top\"\n\t\t\tstyle=\"display: flex; flex-direction: column; width: calc(50% - 25px);\"\n\t\t>\n\t\t\t\n\t\t\t\t\t\t<div\t\t\t\tclass=\"sow-icon-container sow-container-round\"\n\t\t\t\tstyle=\"color: #404040; \"\n\t\t\t\t\n\t\t\t\t\t\t\t>\n\t\t\t\t<span class=\"sow-icon-fontawesome sow-fas\" data-sow-icon=\"&#xf06d;\"\n\t\tstyle=\"font-size: 34px; color: #FFFFFF\" \n\t\taria-hidden=\"true\"><\/span>\t\t\t<\/div>\n\n\t\t\t<div class=\"textwidget\">\n\t\t\t\t\n\t\t\t\t\t\t\t\t\t<h5 class=\"sow-features-feature-title\">\n\t\t\t\t\t\tCmentarz \u017bydowski\t\t\t\t\t<\/h5>\n\t\t\t\t\n\t\t\t\t\t\t\t\t\t<div class=\"sow-features-feature-text\">\n\t\t\t\t\t<p>Na sercu naszego Zboru jest dbanie o pami\u0119\u0107 \u017byd\u00f3w, kt\u00f3rzy w przesz\u0142o\u015bci zamieszkiwali \u017bywiec i jego okolice. Dlatego te\u017c pod nasz\u0105 opiek\u0105 znajduje si\u0119 m.in. Cmentarz \u017bydowski.<br \/><a href=\"http:\/\/nowa.kzzywiec.org\/index.php\/cmentarz-zydowski\/\">Wi\u0119cej informacji<\/a><\/p>\t\t\t\t\t<\/div>\n\t\t\t\t\t\t\t\t<\/div>\n\t\t\t\t\t\t\t\t<\/li>\n\n\t\t\t<li\n\t\t\tclass=\"sow-features-feature sow-icon-container-position-top\"\n\t\t\tstyle=\"display: flex; flex-direction: column; width: calc(50% - 25px);\"\n\t\t>\n\t\t\t\n\t\t\t\t\t\t<div\t\t\t\tclass=\"sow-icon-container sow-container-round\"\n\t\t\t\tstyle=\"color: #404040; \"\n\t\t\t\t\n\t\t\t\t\t\t\t>\n\t\t\t\t<span class=\"sow-icon-fontawesome sow-fas\" data-sow-icon=\"&#xf0c0;\"\n\t\tstyle=\"font-size: 34px; color: #FFFFFF\" \n\t\taria-hidden=\"true\"><\/span>\t\t\t<\/div>\n\n\t\t\t<div class=\"textwidget\">\n\t\t\t\t\n\t\t\t\t\t\t\t\t\t<h5 class=\"sow-features-feature-title\">\n\t\t\t\t\t\tS\u0142u\u017cby wewn\u0105trz zborowe\t\t\t\t\t<\/h5>\n\t\t\t\t\n\t\t\t\t\t\t\t\t\t<div class=\"sow-features-feature-text\">\n\t\t\t\t\t<p style=\"text-align: left\">\"<em>Bo wy, bracia, zostali\u015bcie powo\u0142ani do wolno\u015bci, tylko pod pozorem tej wolno\u015bci nie pob\u0142a\u017cajcie cia\u0142u, ale <span style=\"text-decoration: underline\">z mi\u0142o\u015bci s\u0142u\u017ccie jedni drugim<\/span>.\"<\/em>\u00a0\u2013 Ga. 5,13<\/p>\n<p style=\"text-align: left\">Wewn\u0105trz naszego Zboru dzia\u0142a wiele s\u0142u\u017cb, dzi\u0119ki kt\u00f3rym nasz Ko\u015bci\u00f3\u0142 mo\u017ce si\u0119 rozwija\u0107.<\/p>\n<p style=\"text-align: left\"><span style=\"font-size: 1rem\">S\u0142u\u017cba kaznodziejska<br \/><\/span><span style=\"font-size: 1rem\">Katechizacja dzieci i m\u0142odzie\u017cy<br \/><\/span><span style=\"font-size: 1rem\">Zesp\u00f3\u0142 uwielbiaj\u0105cy<br \/><\/span><span style=\"font-size: 1rem\">Spotkania kobiet<br \/><\/span><span style=\"font-size: 1rem\">Biblioteka<br \/><\/span><span style=\"font-size: 1rem\">Kawiarenka<br \/><\/span><span style=\"font-size: 1rem\">Sprz\u0105tanie i og\u00f3lne dbanie o budynek<\/span><\/p>\t\t\t\t\t<\/div>\n\t\t\t\t\t\t\t\t<\/div>\n\t\t\t\t\t\t\t\t<\/li>\n\n\t<\/ul>\n<\/div><\/div><\/div><\/div><\/div>","protected":false},"excerpt":{"rendered":"<p>Indie Na sercu naszego Zboru B\u00f3g po\u0142o\u017cy\u0142 wsparcie misji pastor\u00f3w w Indiach, kt\u00f3rzy ryzykuj\u0105c cz\u0119sto w\u0142asnym \u017cyciem nios\u0105 \u015bwiat\u0142o Ewangelii w swoim kraju. Wspomagamy ich w modlitwie oraz w formie finansowej tak by pieni\u0105dze nigdy nie sta\u0142y si\u0119 dla nich i ich rodzin przeszkod\u0105 w pracy. Uganda &#8222;Pozw\u00f3lcie przychodzi\u0107 do mnie dzieciom oraz nie zabraniajcie &hellip; <\/p>\n<p class=\"link-more\"><a href=\"https:\/\/kzzywiec.org\/index.php\/sluzby\/\" class=\"more-link\">Czytaj dalej<span class=\"screen-reader-text\"> \u201eS\u0142u\u017cby\u201d<\/span><\/a><\/p>\n","protected":false},"author":1,"featured_media":0,"parent":0,"menu_order":0,"comment_status":"closed","ping_status":"closed","template":"","meta":{"footnotes":""},"class_list":["post-53","page","type-page","status-publish","hentry"],"yoast_head":"<!-- This site is optimized with the Yoast SEO plugin v26.8 - https:\/\/yoast.com\/product\/yoast-seo-wordpress\/ -->\n<title>Ko\u015bci\u00f3\u0142 Zielono\u015bwi\u0105tkowy Zb\u00f3r w \u017bywcu<\/title>\n<meta name=\"description\" content=\"Ko\u015bci\u00f3\u0142 Zielono\u015bwi\u0105tkowy w \u017bywcu to spo\u0142eczno\u015b\u0107 chrze\u015bcija\u0144ska o charakterze charyzmatycznym. G\u0142osimy pe\u0142n\u0105 ewangeli\u0119 i wyznajemy, \u017ce Pismo \u015awi\u0119te jest podstawow\u0105 norm\u0105 naszej wiary i przewodnikiem do \u017cycia zgodnego z wol\u0105 Bo\u017c\u0105.\" \/>\n<meta name=\"robots\" content=\"index, follow, max-snippet:-1, max-image-preview:large, max-video-preview:-1\" \/>\n<link rel=\"canonical\" href=\"https:\/\/kzzywiec.org\/index.php\/sluzby\/\" \/>\n<meta property=\"og:locale\" content=\"pl_PL\" \/>\n<meta property=\"og:type\" content=\"article\" \/>\n<meta property=\"og:title\" content=\"Ko\u015bci\u00f3\u0142 Zielono\u015bwi\u0105tkowy Zb\u00f3r w \u017bywcu\" \/>\n<meta property=\"og:description\" content=\"Ko\u015bci\u00f3\u0142 Zielono\u015bwi\u0105tkowy w \u017bywcu to spo\u0142eczno\u015b\u0107 chrze\u015bcija\u0144ska o charakterze charyzmatycznym. G\u0142osimy pe\u0142n\u0105 ewangeli\u0119 i wyznajemy, \u017ce Pismo \u015awi\u0119te jest podstawow\u0105 norm\u0105 naszej wiary i przewodnikiem do \u017cycia zgodnego z wol\u0105 Bo\u017c\u0105.\" \/>\n<meta property=\"og:url\" content=\"https:\/\/kzzywiec.org\/index.php\/sluzby\/\" \/>\n<meta property=\"og:site_name\" content=\"Ko\u015bci\u00f3\u0142 Zielono\u015bwi\u0105tkowy Zb\u00f3r w \u017bywcu\" \/>\n<meta property=\"article:publisher\" content=\"https:\/\/www.facebook.com\/kzzywiec\/\" \/>\n<meta property=\"article:modified_time\" content=\"2018-02-26T10:01:55+00:00\" \/>\n<meta name=\"twitter:card\" content=\"summary_large_image\" \/>\n<script type=\"application\/ld+json\" class=\"yoast-schema-graph\">{\"@context\":\"https:\/\/schema.org\",\"@graph\":[{\"@type\":\"WebPage\",\"@id\":\"https:\/\/kzzywiec.org\/index.php\/sluzby\/\",\"url\":\"https:\/\/kzzywiec.org\/index.php\/sluzby\/\",\"name\":\"Ko\u015bci\u00f3\u0142 Zielono\u015bwi\u0105tkowy Zb\u00f3r w \u017bywcu\",\"isPartOf\":{\"@id\":\"https:\/\/kzzywiec.org\/#website\"},\"datePublished\":\"2018-02-08T18:11:14+00:00\",\"dateModified\":\"2018-02-26T10:01:55+00:00\",\"description\":\"Ko\u015bci\u00f3\u0142 Zielono\u015bwi\u0105tkowy w \u017bywcu to spo\u0142eczno\u015b\u0107 chrze\u015bcija\u0144ska o charakterze charyzmatycznym. G\u0142osimy pe\u0142n\u0105 ewangeli\u0119 i wyznajemy, \u017ce Pismo \u015awi\u0119te jest podstawow\u0105 norm\u0105 naszej wiary i przewodnikiem do \u017cycia zgodnego z wol\u0105 Bo\u017c\u0105.\",\"breadcrumb\":{\"@id\":\"https:\/\/kzzywiec.org\/index.php\/sluzby\/#breadcrumb\"},\"inLanguage\":\"pl-PL\",\"potentialAction\":[{\"@type\":\"ReadAction\",\"target\":[\"https:\/\/kzzywiec.org\/index.php\/sluzby\/\"]}]},{\"@type\":\"BreadcrumbList\",\"@id\":\"https:\/\/kzzywiec.org\/index.php\/sluzby\/#breadcrumb\",\"itemListElement\":[{\"@type\":\"ListItem\",\"position\":1,\"name\":\"Strona g\u0142\u00f3wna\",\"item\":\"https:\/\/kzzywiec.org\/\"},{\"@type\":\"ListItem\",\"position\":2,\"name\":\"S\u0142u\u017cby\"}]},{\"@type\":\"WebSite\",\"@id\":\"https:\/\/kzzywiec.org\/#website\",\"url\":\"https:\/\/kzzywiec.org\/\",\"name\":\"Ko\u015bci\u00f3\u0142 Zielono\u015bwi\u0105tkowy Zb\u00f3r w \u017bywcu\",\"description\":\"\",\"publisher\":{\"@id\":\"https:\/\/kzzywiec.org\/#organization\"},\"potentialAction\":[{\"@type\":\"SearchAction\",\"target\":{\"@type\":\"EntryPoint\",\"urlTemplate\":\"https:\/\/kzzywiec.org\/?s={search_term_string}\"},\"query-input\":{\"@type\":\"PropertyValueSpecification\",\"valueRequired\":true,\"valueName\":\"search_term_string\"}}],\"inLanguage\":\"pl-PL\"},{\"@type\":\"Organization\",\"@id\":\"https:\/\/kzzywiec.org\/#organization\",\"name\":\"Ko\u015bci\u00f3\u0142 Zielono\u015bwi\u0105tkowy Zb\u00f3r w \u017bywcu\",\"url\":\"https:\/\/kzzywiec.org\/\",\"logo\":{\"@type\":\"ImageObject\",\"inLanguage\":\"pl-PL\",\"@id\":\"https:\/\/kzzywiec.org\/#\/schema\/logo\/image\/\",\"url\":\"https:\/\/kzzywiec.org\/wp-content\/uploads\/2018\/02\/ikona.png\",\"contentUrl\":\"https:\/\/kzzywiec.org\/wp-content\/uploads\/2018\/02\/ikona.png\",\"width\":512,\"height\":512,\"caption\":\"Ko\u015bci\u00f3\u0142 Zielono\u015bwi\u0105tkowy Zb\u00f3r w \u017bywcu\"},\"image\":{\"@id\":\"https:\/\/kzzywiec.org\/#\/schema\/logo\/image\/\"},\"sameAs\":[\"https:\/\/www.facebook.com\/kzzywiec\/\"]}]}<\/script>\n<!-- \/ Yoast SEO plugin. -->","yoast_head_json":{"title":"Ko\u015bci\u00f3\u0142 Zielono\u015bwi\u0105tkowy Zb\u00f3r w \u017bywcu","description":"Ko\u015bci\u00f3\u0142 Zielono\u015bwi\u0105tkowy w \u017bywcu to spo\u0142eczno\u015b\u0107 chrze\u015bcija\u0144ska o charakterze charyzmatycznym. G\u0142osimy pe\u0142n\u0105 ewangeli\u0119 i wyznajemy, \u017ce Pismo \u015awi\u0119te jest podstawow\u0105 norm\u0105 naszej wiary i przewodnikiem do \u017cycia zgodnego z wol\u0105 Bo\u017c\u0105.","robots":{"index":"index","follow":"follow","max-snippet":"max-snippet:-1","max-image-preview":"max-image-preview:large","max-video-preview":"max-video-preview:-1"},"canonical":"https:\/\/kzzywiec.org\/index.php\/sluzby\/","og_locale":"pl_PL","og_type":"article","og_title":"Ko\u015bci\u00f3\u0142 Zielono\u015bwi\u0105tkowy Zb\u00f3r w \u017bywcu","og_description":"Ko\u015bci\u00f3\u0142 Zielono\u015bwi\u0105tkowy w \u017bywcu to spo\u0142eczno\u015b\u0107 chrze\u015bcija\u0144ska o charakterze charyzmatycznym. G\u0142osimy pe\u0142n\u0105 ewangeli\u0119 i wyznajemy, \u017ce Pismo \u015awi\u0119te jest podstawow\u0105 norm\u0105 naszej wiary i przewodnikiem do \u017cycia zgodnego z wol\u0105 Bo\u017c\u0105.","og_url":"https:\/\/kzzywiec.org\/index.php\/sluzby\/","og_site_name":"Ko\u015bci\u00f3\u0142 Zielono\u015bwi\u0105tkowy Zb\u00f3r w \u017bywcu","article_publisher":"https:\/\/www.facebook.com\/kzzywiec\/","article_modified_time":"2018-02-26T10:01:55+00:00","twitter_card":"summary_large_image","schema":{"@context":"https:\/\/schema.org","@graph":[{"@type":"WebPage","@id":"https:\/\/kzzywiec.org\/index.php\/sluzby\/","url":"https:\/\/kzzywiec.org\/index.php\/sluzby\/","name":"Ko\u015bci\u00f3\u0142 Zielono\u015bwi\u0105tkowy Zb\u00f3r w \u017bywcu","isPartOf":{"@id":"https:\/\/kzzywiec.org\/#website"},"datePublished":"2018-02-08T18:11:14+00:00","dateModified":"2018-02-26T10:01:55+00:00","description":"Ko\u015bci\u00f3\u0142 Zielono\u015bwi\u0105tkowy w \u017bywcu to spo\u0142eczno\u015b\u0107 chrze\u015bcija\u0144ska o charakterze charyzmatycznym. G\u0142osimy pe\u0142n\u0105 ewangeli\u0119 i wyznajemy, \u017ce Pismo \u015awi\u0119te jest podstawow\u0105 norm\u0105 naszej wiary i przewodnikiem do \u017cycia zgodnego z wol\u0105 Bo\u017c\u0105.","breadcrumb":{"@id":"https:\/\/kzzywiec.org\/index.php\/sluzby\/#breadcrumb"},"inLanguage":"pl-PL","potentialAction":[{"@type":"ReadAction","target":["https:\/\/kzzywiec.org\/index.php\/sluzby\/"]}]},{"@type":"BreadcrumbList","@id":"https:\/\/kzzywiec.org\/index.php\/sluzby\/#breadcrumb","itemListElement":[{"@type":"ListItem","position":1,"name":"Strona g\u0142\u00f3wna","item":"https:\/\/kzzywiec.org\/"},{"@type":"ListItem","position":2,"name":"S\u0142u\u017cby"}]},{"@type":"WebSite","@id":"https:\/\/kzzywiec.org\/#website","url":"https:\/\/kzzywiec.org\/","name":"Ko\u015bci\u00f3\u0142 Zielono\u015bwi\u0105tkowy Zb\u00f3r w \u017bywcu","description":"","publisher":{"@id":"https:\/\/kzzywiec.org\/#organization"},"potentialAction":[{"@type":"SearchAction","target":{"@type":"EntryPoint","urlTemplate":"https:\/\/kzzywiec.org\/?s={search_term_string}"},"query-input":{"@type":"PropertyValueSpecification","valueRequired":true,"valueName":"search_term_string"}}],"inLanguage":"pl-PL"},{"@type":"Organization","@id":"https:\/\/kzzywiec.org\/#organization","name":"Ko\u015bci\u00f3\u0142 Zielono\u015bwi\u0105tkowy Zb\u00f3r w \u017bywcu","url":"https:\/\/kzzywiec.org\/","logo":{"@type":"ImageObject","inLanguage":"pl-PL","@id":"https:\/\/kzzywiec.org\/#\/schema\/logo\/image\/","url":"https:\/\/kzzywiec.org\/wp-content\/uploads\/2018\/02\/ikona.png","contentUrl":"https:\/\/kzzywiec.org\/wp-content\/uploads\/2018\/02\/ikona.png","width":512,"height":512,"caption":"Ko\u015bci\u00f3\u0142 Zielono\u015bwi\u0105tkowy Zb\u00f3r w \u017bywcu"},"image":{"@id":"https:\/\/kzzywiec.org\/#\/schema\/logo\/image\/"},"sameAs":["https:\/\/www.facebook.com\/kzzywiec\/"]}]}},"_links":{"self":[{"href":"https:\/\/kzzywiec.org\/index.php\/wp-json\/wp\/v2\/pages\/53","targetHints":{"allow":["GET"]}}],"collection":[{"href":"https:\/\/kzzywiec.org\/index.php\/wp-json\/wp\/v2\/pages"}],"about":[{"href":"https:\/\/kzzywiec.org\/index.php\/wp-json\/wp\/v2\/types\/page"}],"author":[{"embeddable":true,"href":"https:\/\/kzzywiec.org\/index.php\/wp-json\/wp\/v2\/users\/1"}],"replies":[{"embeddable":true,"href":"https:\/\/kzzywiec.org\/index.php\/wp-json\/wp\/v2\/comments?post=53"}],"version-history":[{"count":35,"href":"https:\/\/kzzywiec.org\/index.php\/wp-json\/wp\/v2\/pages\/53\/revisions"}],"predecessor-version":[{"id":1416,"href":"https:\/\/kzzywiec.org\/index.php\/wp-json\/wp\/v2\/pages\/53\/revisions\/1416"}],"wp:attachment":[{"href":"https:\/\/kzzywiec.org\/index.php\/wp-json\/wp\/v2\/media?parent=53"}],"curies":[{"name":"wp","href":"https:\/\/api.w.org\/{rel}","templated":true}]}}