{"id":50,"date":"2018-02-08T18:11:14","date_gmt":"2018-02-08T18:11:14","guid":{"rendered":"http:\/\/nowa.kzzywiec.org\/?page_id=50"},"modified":"2020-07-24T10:49:20","modified_gmt":"2020-07-24T10:49:20","slug":"aktualnosci","status":"publish","type":"page","link":"https:\/\/kzzywiec.org\/index.php\/aktualnosci\/","title":{"rendered":"Aktualno\u015bci"},"content":{"rendered":"<div id=\"pl-50\"  class=\"panel-layout\" ><div id=\"pg-50-0\"  class=\"panel-grid panel-no-style\" ><div id=\"pgc-50-0-0\"  class=\"panel-grid-cell\" ><div id=\"panel-50-0-0-0\" class=\"so-panel widget widget_media_image panel-first-child\" data-index=\"0\" ><img loading=\"lazy\" decoding=\"async\" width=\"360\" height=\"360\" src=\"https:\/\/kzzywiec.org\/wp-content\/uploads\/2018\/02\/zbor.jpg\" class=\"image wp-image-635  attachment-full size-full\" alt=\"\" style=\"max-width: 100%; height: auto;\" srcset=\"https:\/\/kzzywiec.org\/wp-content\/uploads\/2018\/02\/zbor.jpg 360w, https:\/\/kzzywiec.org\/wp-content\/uploads\/2018\/02\/zbor-150x150.jpg 150w, https:\/\/kzzywiec.org\/wp-content\/uploads\/2018\/02\/zbor-300x300.jpg 300w, https:\/\/kzzywiec.org\/wp-content\/uploads\/2018\/02\/zbor-100x100.jpg 100w\" sizes=\"auto, 100vw\" \/><\/div><div id=\"panel-50-0-0-1\" class=\"so-panel widget widget_text panel-last-child\" data-index=\"1\" >\t\t\t<div class=\"textwidget\"><p><a href=\"https:\/\/kzzywiec.org\/index.php\/pogrzeb-wandy-miodonskiej\/\">Relacja z pogrzebu poetki \u017cywieckiej, siostry Wandy Miodo\u0144skiej.<\/a><\/p>\n<\/div>\n\t\t<\/div><\/div><div id=\"pgc-50-0-1\"  class=\"panel-grid-cell\" ><div id=\"panel-50-0-1-0\" class=\"so-panel widget widget_media_image panel-first-child panel-last-child\" data-index=\"2\" ><img loading=\"lazy\" decoding=\"async\" width=\"300\" height=\"300\" src=\"https:\/\/kzzywiec.org\/wp-content\/uploads\/2018\/02\/kawa_baner.png\" class=\"image wp-image-714  attachment-full size-full\" alt=\"\" style=\"max-width: 100%; height: auto;\" srcset=\"https:\/\/kzzywiec.org\/wp-content\/uploads\/2018\/02\/kawa_baner.png 300w, https:\/\/kzzywiec.org\/wp-content\/uploads\/2018\/02\/kawa_baner-150x150.png 150w, https:\/\/kzzywiec.org\/wp-content\/uploads\/2018\/02\/kawa_baner-100x100.png 100w\" sizes=\"auto, 100vw\" \/><\/div><\/div><\/div><\/div>","protected":false},"excerpt":{"rendered":"<p>Relacja z pogrzebu poetki \u017cywieckiej, siostry Wandy Miodo\u0144skiej.<\/p>\n","protected":false},"author":1,"featured_media":0,"parent":0,"menu_order":0,"comment_status":"closed","ping_status":"closed","template":"","meta":{"footnotes":""},"class_list":["post-50","page","type-page","status-publish","hentry"],"yoast_head":"<!-- This site is optimized with the Yoast SEO plugin v26.8 - https:\/\/yoast.com\/product\/yoast-seo-wordpress\/ -->\n<title>Ko\u015bci\u00f3\u0142 Zielono\u015bwi\u0105tkowy Zb\u00f3r w \u017bywcu<\/title>\n<meta name=\"description\" content=\"Ko\u015bci\u00f3\u0142 Zielono\u015bwi\u0105tkowy w \u017bywcu to spo\u0142eczno\u015b\u0107 chrze\u015bcija\u0144ska o charakterze charyzmatycznym. G\u0142osimy pe\u0142n\u0105 ewangeli\u0119 i wyznajemy, \u017ce Pismo \u015awi\u0119te jest podstawow\u0105 norm\u0105 naszej wiary i przewodnikiem do \u017cycia zgodnego z wol\u0105 Bo\u017c\u0105.\" \/>\n<meta name=\"robots\" content=\"index, follow, max-snippet:-1, max-image-preview:large, max-video-preview:-1\" \/>\n<link rel=\"canonical\" href=\"https:\/\/kzzywiec.org\/index.php\/aktualnosci\/\" \/>\n<meta property=\"og:locale\" content=\"pl_PL\" \/>\n<meta property=\"og:type\" content=\"article\" \/>\n<meta property=\"og:title\" content=\"Ko\u015bci\u00f3\u0142 Zielono\u015bwi\u0105tkowy Zb\u00f3r w \u017bywcu\" \/>\n<meta property=\"og:description\" content=\"Ko\u015bci\u00f3\u0142 Zielono\u015bwi\u0105tkowy w \u017bywcu to spo\u0142eczno\u015b\u0107 chrze\u015bcija\u0144ska o charakterze charyzmatycznym. G\u0142osimy pe\u0142n\u0105 ewangeli\u0119 i wyznajemy, \u017ce Pismo \u015awi\u0119te jest podstawow\u0105 norm\u0105 naszej wiary i przewodnikiem do \u017cycia zgodnego z wol\u0105 Bo\u017c\u0105.\" \/>\n<meta property=\"og:url\" content=\"https:\/\/kzzywiec.org\/index.php\/aktualnosci\/\" \/>\n<meta property=\"og:site_name\" content=\"Ko\u015bci\u00f3\u0142 Zielono\u015bwi\u0105tkowy Zb\u00f3r w \u017bywcu\" \/>\n<meta property=\"article:publisher\" content=\"https:\/\/www.facebook.com\/kzzywiec\/\" \/>\n<meta property=\"article:modified_time\" content=\"2020-07-24T10:49:20+00:00\" \/>\n<meta name=\"twitter:card\" content=\"summary_large_image\" \/>\n<script type=\"application\/ld+json\" class=\"yoast-schema-graph\">{\"@context\":\"https:\/\/schema.org\",\"@graph\":[{\"@type\":\"WebPage\",\"@id\":\"https:\/\/kzzywiec.org\/index.php\/aktualnosci\/\",\"url\":\"https:\/\/kzzywiec.org\/index.php\/aktualnosci\/\",\"name\":\"Ko\u015bci\u00f3\u0142 Zielono\u015bwi\u0105tkowy Zb\u00f3r w \u017bywcu\",\"isPartOf\":{\"@id\":\"https:\/\/kzzywiec.org\/#website\"},\"datePublished\":\"2018-02-08T18:11:14+00:00\",\"dateModified\":\"2020-07-24T10:49:20+00:00\",\"description\":\"Ko\u015bci\u00f3\u0142 Zielono\u015bwi\u0105tkowy w \u017bywcu to spo\u0142eczno\u015b\u0107 chrze\u015bcija\u0144ska o charakterze charyzmatycznym. G\u0142osimy pe\u0142n\u0105 ewangeli\u0119 i wyznajemy, \u017ce Pismo \u015awi\u0119te jest podstawow\u0105 norm\u0105 naszej wiary i przewodnikiem do \u017cycia zgodnego z wol\u0105 Bo\u017c\u0105.\",\"breadcrumb\":{\"@id\":\"https:\/\/kzzywiec.org\/index.php\/aktualnosci\/#breadcrumb\"},\"inLanguage\":\"pl-PL\",\"potentialAction\":[{\"@type\":\"ReadAction\",\"target\":[\"https:\/\/kzzywiec.org\/index.php\/aktualnosci\/\"]}]},{\"@type\":\"BreadcrumbList\",\"@id\":\"https:\/\/kzzywiec.org\/index.php\/aktualnosci\/#breadcrumb\",\"itemListElement\":[{\"@type\":\"ListItem\",\"position\":1,\"name\":\"Strona g\u0142\u00f3wna\",\"item\":\"https:\/\/kzzywiec.org\/\"},{\"@type\":\"ListItem\",\"position\":2,\"name\":\"Aktualno\u015bci\"}]},{\"@type\":\"WebSite\",\"@id\":\"https:\/\/kzzywiec.org\/#website\",\"url\":\"https:\/\/kzzywiec.org\/\",\"name\":\"Ko\u015bci\u00f3\u0142 Zielono\u015bwi\u0105tkowy Zb\u00f3r w \u017bywcu\",\"description\":\"\",\"publisher\":{\"@id\":\"https:\/\/kzzywiec.org\/#organization\"},\"potentialAction\":[{\"@type\":\"SearchAction\",\"target\":{\"@type\":\"EntryPoint\",\"urlTemplate\":\"https:\/\/kzzywiec.org\/?s={search_term_string}\"},\"query-input\":{\"@type\":\"PropertyValueSpecification\",\"valueRequired\":true,\"valueName\":\"search_term_string\"}}],\"inLanguage\":\"pl-PL\"},{\"@type\":\"Organization\",\"@id\":\"https:\/\/kzzywiec.org\/#organization\",\"name\":\"Ko\u015bci\u00f3\u0142 Zielono\u015bwi\u0105tkowy Zb\u00f3r w \u017bywcu\",\"url\":\"https:\/\/kzzywiec.org\/\",\"logo\":{\"@type\":\"ImageObject\",\"inLanguage\":\"pl-PL\",\"@id\":\"https:\/\/kzzywiec.org\/#\/schema\/logo\/image\/\",\"url\":\"https:\/\/kzzywiec.org\/wp-content\/uploads\/2018\/02\/ikona.png\",\"contentUrl\":\"https:\/\/kzzywiec.org\/wp-content\/uploads\/2018\/02\/ikona.png\",\"width\":512,\"height\":512,\"caption\":\"Ko\u015bci\u00f3\u0142 Zielono\u015bwi\u0105tkowy Zb\u00f3r w \u017bywcu\"},\"image\":{\"@id\":\"https:\/\/kzzywiec.org\/#\/schema\/logo\/image\/\"},\"sameAs\":[\"https:\/\/www.facebook.com\/kzzywiec\/\"]}]}<\/script>\n<!-- \/ Yoast SEO plugin. -->","yoast_head_json":{"title":"Ko\u015bci\u00f3\u0142 Zielono\u015bwi\u0105tkowy Zb\u00f3r w \u017bywcu","description":"Ko\u015bci\u00f3\u0142 Zielono\u015bwi\u0105tkowy w \u017bywcu to spo\u0142eczno\u015b\u0107 chrze\u015bcija\u0144ska o charakterze charyzmatycznym. G\u0142osimy pe\u0142n\u0105 ewangeli\u0119 i wyznajemy, \u017ce Pismo \u015awi\u0119te jest podstawow\u0105 norm\u0105 naszej wiary i przewodnikiem do \u017cycia zgodnego z wol\u0105 Bo\u017c\u0105.","robots":{"index":"index","follow":"follow","max-snippet":"max-snippet:-1","max-image-preview":"max-image-preview:large","max-video-preview":"max-video-preview:-1"},"canonical":"https:\/\/kzzywiec.org\/index.php\/aktualnosci\/","og_locale":"pl_PL","og_type":"article","og_title":"Ko\u015bci\u00f3\u0142 Zielono\u015bwi\u0105tkowy Zb\u00f3r w \u017bywcu","og_description":"Ko\u015bci\u00f3\u0142 Zielono\u015bwi\u0105tkowy w \u017bywcu to spo\u0142eczno\u015b\u0107 chrze\u015bcija\u0144ska o charakterze charyzmatycznym. G\u0142osimy pe\u0142n\u0105 ewangeli\u0119 i wyznajemy, \u017ce Pismo \u015awi\u0119te jest podstawow\u0105 norm\u0105 naszej wiary i przewodnikiem do \u017cycia zgodnego z wol\u0105 Bo\u017c\u0105.","og_url":"https:\/\/kzzywiec.org\/index.php\/aktualnosci\/","og_site_name":"Ko\u015bci\u00f3\u0142 Zielono\u015bwi\u0105tkowy Zb\u00f3r w \u017bywcu","article_publisher":"https:\/\/www.facebook.com\/kzzywiec\/","article_modified_time":"2020-07-24T10:49:20+00:00","twitter_card":"summary_large_image","schema":{"@context":"https:\/\/schema.org","@graph":[{"@type":"WebPage","@id":"https:\/\/kzzywiec.org\/index.php\/aktualnosci\/","url":"https:\/\/kzzywiec.org\/index.php\/aktualnosci\/","name":"Ko\u015bci\u00f3\u0142 Zielono\u015bwi\u0105tkowy Zb\u00f3r w \u017bywcu","isPartOf":{"@id":"https:\/\/kzzywiec.org\/#website"},"datePublished":"2018-02-08T18:11:14+00:00","dateModified":"2020-07-24T10:49:20+00:00","description":"Ko\u015bci\u00f3\u0142 Zielono\u015bwi\u0105tkowy w \u017bywcu to spo\u0142eczno\u015b\u0107 chrze\u015bcija\u0144ska o charakterze charyzmatycznym. G\u0142osimy pe\u0142n\u0105 ewangeli\u0119 i wyznajemy, \u017ce Pismo \u015awi\u0119te jest podstawow\u0105 norm\u0105 naszej wiary i przewodnikiem do \u017cycia zgodnego z wol\u0105 Bo\u017c\u0105.","breadcrumb":{"@id":"https:\/\/kzzywiec.org\/index.php\/aktualnosci\/#breadcrumb"},"inLanguage":"pl-PL","potentialAction":[{"@type":"ReadAction","target":["https:\/\/kzzywiec.org\/index.php\/aktualnosci\/"]}]},{"@type":"BreadcrumbList","@id":"https:\/\/kzzywiec.org\/index.php\/aktualnosci\/#breadcrumb","itemListElement":[{"@type":"ListItem","position":1,"name":"Strona g\u0142\u00f3wna","item":"https:\/\/kzzywiec.org\/"},{"@type":"ListItem","position":2,"name":"Aktualno\u015bci"}]},{"@type":"WebSite","@id":"https:\/\/kzzywiec.org\/#website","url":"https:\/\/kzzywiec.org\/","name":"Ko\u015bci\u00f3\u0142 Zielono\u015bwi\u0105tkowy Zb\u00f3r w \u017bywcu","description":"","publisher":{"@id":"https:\/\/kzzywiec.org\/#organization"},"potentialAction":[{"@type":"SearchAction","target":{"@type":"EntryPoint","urlTemplate":"https:\/\/kzzywiec.org\/?s={search_term_string}"},"query-input":{"@type":"PropertyValueSpecification","valueRequired":true,"valueName":"search_term_string"}}],"inLanguage":"pl-PL"},{"@type":"Organization","@id":"https:\/\/kzzywiec.org\/#organization","name":"Ko\u015bci\u00f3\u0142 Zielono\u015bwi\u0105tkowy Zb\u00f3r w \u017bywcu","url":"https:\/\/kzzywiec.org\/","logo":{"@type":"ImageObject","inLanguage":"pl-PL","@id":"https:\/\/kzzywiec.org\/#\/schema\/logo\/image\/","url":"https:\/\/kzzywiec.org\/wp-content\/uploads\/2018\/02\/ikona.png","contentUrl":"https:\/\/kzzywiec.org\/wp-content\/uploads\/2018\/02\/ikona.png","width":512,"height":512,"caption":"Ko\u015bci\u00f3\u0142 Zielono\u015bwi\u0105tkowy Zb\u00f3r w \u017bywcu"},"image":{"@id":"https:\/\/kzzywiec.org\/#\/schema\/logo\/image\/"},"sameAs":["https:\/\/www.facebook.com\/kzzywiec\/"]}]}},"_links":{"self":[{"href":"https:\/\/kzzywiec.org\/index.php\/wp-json\/wp\/v2\/pages\/50","targetHints":{"allow":["GET"]}}],"collection":[{"href":"https:\/\/kzzywiec.org\/index.php\/wp-json\/wp\/v2\/pages"}],"about":[{"href":"https:\/\/kzzywiec.org\/index.php\/wp-json\/wp\/v2\/types\/page"}],"author":[{"embeddable":true,"href":"https:\/\/kzzywiec.org\/index.php\/wp-json\/wp\/v2\/users\/1"}],"replies":[{"embeddable":true,"href":"https:\/\/kzzywiec.org\/index.php\/wp-json\/wp\/v2\/comments?post=50"}],"version-history":[{"count":72,"href":"https:\/\/kzzywiec.org\/index.php\/wp-json\/wp\/v2\/pages\/50\/revisions"}],"predecessor-version":[{"id":2048,"href":"https:\/\/kzzywiec.org\/index.php\/wp-json\/wp\/v2\/pages\/50\/revisions\/2048"}],"wp:attachment":[{"href":"https:\/\/kzzywiec.org\/index.php\/wp-json\/wp\/v2\/media?parent=50"}],"curies":[{"name":"wp","href":"https:\/\/api.w.org\/{rel}","templated":true}]}}