{"id":2,"date":"2018-02-03T21:19:15","date_gmt":"2018-02-03T21:19:15","guid":{"rendered":"http:\/\/nowa.kzzywiec.org\/?page_id=2"},"modified":"2018-02-15T08:10:27","modified_gmt":"2018-02-15T08:10:27","slug":"sample-page","status":"publish","type":"page","link":"https:\/\/kzzywiec.org\/index.php\/sample-page\/","title":{"rendered":"Kim jeste\u015bmy?"},"content":{"rendered":"<div id=\"pl-2\"  class=\"panel-layout\" ><div id=\"pg-2-0\"  class=\"panel-grid panel-no-style\" ><div id=\"pgc-2-0-0\"  class=\"panel-grid-cell\" ><div id=\"panel-2-0-0-0\" class=\"so-panel widget widget_sow-editor panel-first-child panel-last-child\" data-index=\"0\" ><div\n\t\t\t\n\t\t\tclass=\"so-widget-sow-editor so-widget-sow-editor-base\"\n\t\t\t\n\t\t>\n<div class=\"siteorigin-widget-tinymce textwidget\">\n\t<h3 style=\"text-align: center;\">Jeste\u015bmy zielono\u015bwi\u0105tkowym zborem, czyli spo\u0142eczno\u015bci\u0105 chrze\u015bcija\u0144sk\u0105 <br \/>o charakterze charyzmatycznym. G\u0142osimy pe\u0142n\u0105 ewangeli\u0119 i wyznajemy, <br \/>\u017ce Pismo \u015awi\u0119te jest podstawow\u0105 norm\u0105 naszej wiary i przewodnikiem<br \/> do \u017cycia zgodnego z wol\u0105 Bo\u017c\u0105.<\/h3>\n<\/div>\n<\/div><\/div><\/div><\/div><div id=\"pg-2-1\"  class=\"panel-grid panel-has-style\" ><div class=\"so-parallax siteorigin-panels-stretch panel-row-style panel-row-style-for-2-1\" data-stretch-type=\"full\" ><img fetchpriority=\"high\" decoding=\"async\" width=\"1920\" height=\"1280\" src=\"https:\/\/kzzywiec.org\/wp-content\/uploads\/2018\/02\/sunset-3047540_1920.jpg\" class=\"attachment-full size-full\" alt=\"\" data-siteorigin-parallax=\"true\" loading=\"eager\" srcset=\"https:\/\/kzzywiec.org\/wp-content\/uploads\/2018\/02\/sunset-3047540_1920.jpg 1920w, https:\/\/kzzywiec.org\/wp-content\/uploads\/2018\/02\/sunset-3047540_1920-300x200.jpg 300w, https:\/\/kzzywiec.org\/wp-content\/uploads\/2018\/02\/sunset-3047540_1920-768x512.jpg 768w, https:\/\/kzzywiec.org\/wp-content\/uploads\/2018\/02\/sunset-3047540_1920-1024x683.jpg 1024w, https:\/\/kzzywiec.org\/wp-content\/uploads\/2018\/02\/sunset-3047540_1920-272x182.jpg 272w\" sizes=\"100vw\" \/><div id=\"pgc-2-1-0\"  class=\"panel-grid-cell\" ><div id=\"panel-2-1-0-0\" class=\"so-panel widget widget_sow-editor panel-first-child panel-last-child\" data-index=\"1\" ><div\n\t\t\t\n\t\t\tclass=\"so-widget-sow-editor so-widget-sow-editor-base\"\n\t\t\t\n\t\t>\n<div class=\"siteorigin-widget-tinymce textwidget\">\n\t<h1 style=\"text-align: center;\"><strong><em><span style=\"color: #FFFFFF;\"><\/p>\n<p style=\"text-shadow: 2px 2px 2px #333333;\">Wierzymy, \u017ce zb\u00f3r jest cz\u0119\u015bci\u0105 Ko\u015bcio\u0142a powszechnego, kt\u00f3rego g\u0142ow\u0105 i najwy\u017csz\u0105 w\u0142adz\u0105 jest Jezus Chrystus.<\/p>\n<p><\/span><\/em><\/strong><\/h1>\n<\/div>\n<\/div><\/div><\/div><\/div><\/div><div id=\"pg-2-2\"  class=\"panel-grid panel-no-style\" ><div id=\"pgc-2-2-0\"  class=\"panel-grid-cell\" ><div id=\"panel-2-2-0-0\" class=\"so-panel widget widget_text panel-first-child panel-last-child\" data-index=\"2\" >\t\t\t<div class=\"textwidget\"><p>Cz\u0142onkiem zboru, zgodnie z Pismem \u015awi\u0119tym mo\u017ce zosta\u0107 ka\u017cdy, kto szczerze nawr\u00f3ci si\u0119 do Boga, pokutuje ze swoich grzech\u00f3w i wyzna je w modlitwie Panu Jezusowi, przyjmuj\u0105c wiar\u0105 odpuszczenie grzech\u00f3w przez krew Jezusa.<\/p>\n<p>Cz\u0142owiek nawr\u00f3cony odwraca si\u0119 od grzechu, pozbywa si\u0119 wszystkich na\u0142og\u00f3w i prowadzi \u017cycie u\u015bwi\u0119cone. Cz\u0142owiek odrodzony zostaje w\u0142\u0105czony do Ko\u015bcio\u0142a przyjmuj\u0105c chrzest wiary przez zanurzenie w wodzie na wz\u00f3r pierwszych chrze\u015bcijan, wyznaj\u0105c Jezusa jako osobistego Zbawiciela.<\/p>\n<\/div>\n\t\t<\/div><\/div><\/div><div id=\"pg-2-3\"  class=\"panel-grid panel-no-style\" ><div id=\"pgc-2-3-0\"  class=\"panel-grid-cell\" ><div id=\"panel-2-3-0-0\" class=\"widget_text so-panel widget widget_custom_html panel-first-child panel-last-child\" data-index=\"3\" ><div class=\"textwidget custom-html-widget\"><a href=\"http:\/\/nowa.kzzywiec.org\/index.php\/wyznanie-wiary\/\">Nasze wyznanie wiary<\/a><\/div><\/div><\/div><div id=\"pgc-2-3-1\"  class=\"panel-grid-cell\" ><div id=\"panel-2-3-1-0\" class=\"widget_text so-panel widget widget_custom_html panel-first-child panel-last-child\" data-index=\"4\" ><div class=\"textwidget custom-html-widget\"><a href=\"http:\/\/nowa.kzzywiec.org\/index.php\/historia\/\">Nasza historia<\/a><\/div><\/div><\/div><div id=\"pgc-2-3-2\"  class=\"panel-grid-cell\" ><div id=\"panel-2-3-2-0\" class=\"widget_text so-panel widget widget_custom_html panel-first-child panel-last-child\" data-index=\"5\" ><div class=\"textwidget custom-html-widget\"><a href=\"http:\/\/nowa.kzzywiec.org\/index.php\/sluzby\/\">Prowadzone przez nas s\u0142u\u017cby<\/a><\/div><\/div><\/div><\/div><\/div>","protected":false},"excerpt":{"rendered":"<p>Jeste\u015bmy zielono\u015bwi\u0105tkowym zborem, czyli spo\u0142eczno\u015bci\u0105 chrze\u015bcija\u0144sk\u0105 o charakterze charyzmatycznym. G\u0142osimy pe\u0142n\u0105 ewangeli\u0119 i wyznajemy, \u017ce Pismo \u015awi\u0119te jest podstawow\u0105 norm\u0105 naszej wiary i przewodnikiem do \u017cycia zgodnego z wol\u0105 Bo\u017c\u0105. Wierzymy, \u017ce zb\u00f3r jest cz\u0119\u015bci\u0105 Ko\u015bcio\u0142a powszechnego, kt\u00f3rego g\u0142ow\u0105 i najwy\u017csz\u0105 w\u0142adz\u0105 jest Jezus Chrystus.<\/p>\n","protected":false},"author":1,"featured_media":0,"parent":0,"menu_order":0,"comment_status":"closed","ping_status":"closed","template":"","meta":{"footnotes":""},"class_list":["post-2","page","type-page","status-publish","hentry"],"yoast_head":"<!-- This site is optimized with the Yoast SEO plugin v26.8 - https:\/\/yoast.com\/product\/yoast-seo-wordpress\/ -->\n<title>Ko\u015bci\u00f3\u0142 Zielono\u015bwi\u0105tkowy Zb\u00f3r w \u017bywcu<\/title>\n<meta name=\"description\" content=\"Ko\u015bci\u00f3\u0142 Zielono\u015bwi\u0105tkowy w \u017bywcu to spo\u0142eczno\u015b\u0107 chrze\u015bcija\u0144ska o charakterze charyzmatycznym. G\u0142osimy pe\u0142n\u0105 ewangeli\u0119 i wyznajemy, \u017ce Pismo \u015awi\u0119te jest podstawow\u0105 norm\u0105 naszej wiary i przewodnikiem do \u017cycia zgodnego z wol\u0105 Bo\u017c\u0105.\" \/>\n<meta name=\"robots\" content=\"index, follow, max-snippet:-1, max-image-preview:large, max-video-preview:-1\" \/>\n<link rel=\"canonical\" href=\"https:\/\/kzzywiec.org\/index.php\/sample-page\/\" \/>\n<meta property=\"og:locale\" content=\"pl_PL\" \/>\n<meta property=\"og:type\" content=\"article\" \/>\n<meta property=\"og:title\" content=\"Ko\u015bci\u00f3\u0142 Zielono\u015bwi\u0105tkowy Zb\u00f3r w \u017bywcu\" \/>\n<meta property=\"og:description\" content=\"Ko\u015bci\u00f3\u0142 Zielono\u015bwi\u0105tkowy w \u017bywcu to spo\u0142eczno\u015b\u0107 chrze\u015bcija\u0144ska o charakterze charyzmatycznym. G\u0142osimy pe\u0142n\u0105 ewangeli\u0119 i wyznajemy, \u017ce Pismo \u015awi\u0119te jest podstawow\u0105 norm\u0105 naszej wiary i przewodnikiem do \u017cycia zgodnego z wol\u0105 Bo\u017c\u0105.\" \/>\n<meta property=\"og:url\" content=\"https:\/\/kzzywiec.org\/index.php\/sample-page\/\" \/>\n<meta property=\"og:site_name\" content=\"Ko\u015bci\u00f3\u0142 Zielono\u015bwi\u0105tkowy Zb\u00f3r w \u017bywcu\" \/>\n<meta property=\"article:publisher\" content=\"https:\/\/www.facebook.com\/kzzywiec\/\" \/>\n<meta property=\"article:modified_time\" content=\"2018-02-15T08:10:27+00:00\" \/>\n<meta name=\"twitter:card\" content=\"summary_large_image\" \/>\n<meta name=\"twitter:label1\" content=\"Szacowany czas czytania\" \/>\n\t<meta name=\"twitter:data1\" content=\"1 minuta\" \/>\n<script type=\"application\/ld+json\" class=\"yoast-schema-graph\">{\"@context\":\"https:\/\/schema.org\",\"@graph\":[{\"@type\":\"WebPage\",\"@id\":\"https:\/\/kzzywiec.org\/index.php\/sample-page\/\",\"url\":\"https:\/\/kzzywiec.org\/index.php\/sample-page\/\",\"name\":\"Ko\u015bci\u00f3\u0142 Zielono\u015bwi\u0105tkowy Zb\u00f3r w \u017bywcu\",\"isPartOf\":{\"@id\":\"https:\/\/kzzywiec.org\/#website\"},\"datePublished\":\"2018-02-03T21:19:15+00:00\",\"dateModified\":\"2018-02-15T08:10:27+00:00\",\"description\":\"Ko\u015bci\u00f3\u0142 Zielono\u015bwi\u0105tkowy w \u017bywcu to spo\u0142eczno\u015b\u0107 chrze\u015bcija\u0144ska o charakterze charyzmatycznym. G\u0142osimy pe\u0142n\u0105 ewangeli\u0119 i wyznajemy, \u017ce Pismo \u015awi\u0119te jest podstawow\u0105 norm\u0105 naszej wiary i przewodnikiem do \u017cycia zgodnego z wol\u0105 Bo\u017c\u0105.\",\"breadcrumb\":{\"@id\":\"https:\/\/kzzywiec.org\/index.php\/sample-page\/#breadcrumb\"},\"inLanguage\":\"pl-PL\",\"potentialAction\":[{\"@type\":\"ReadAction\",\"target\":[\"https:\/\/kzzywiec.org\/index.php\/sample-page\/\"]}]},{\"@type\":\"BreadcrumbList\",\"@id\":\"https:\/\/kzzywiec.org\/index.php\/sample-page\/#breadcrumb\",\"itemListElement\":[{\"@type\":\"ListItem\",\"position\":1,\"name\":\"Strona g\u0142\u00f3wna\",\"item\":\"https:\/\/kzzywiec.org\/\"},{\"@type\":\"ListItem\",\"position\":2,\"name\":\"Kim jeste\u015bmy?\"}]},{\"@type\":\"WebSite\",\"@id\":\"https:\/\/kzzywiec.org\/#website\",\"url\":\"https:\/\/kzzywiec.org\/\",\"name\":\"Ko\u015bci\u00f3\u0142 Zielono\u015bwi\u0105tkowy Zb\u00f3r w \u017bywcu\",\"description\":\"\",\"publisher\":{\"@id\":\"https:\/\/kzzywiec.org\/#organization\"},\"potentialAction\":[{\"@type\":\"SearchAction\",\"target\":{\"@type\":\"EntryPoint\",\"urlTemplate\":\"https:\/\/kzzywiec.org\/?s={search_term_string}\"},\"query-input\":{\"@type\":\"PropertyValueSpecification\",\"valueRequired\":true,\"valueName\":\"search_term_string\"}}],\"inLanguage\":\"pl-PL\"},{\"@type\":\"Organization\",\"@id\":\"https:\/\/kzzywiec.org\/#organization\",\"name\":\"Ko\u015bci\u00f3\u0142 Zielono\u015bwi\u0105tkowy Zb\u00f3r w \u017bywcu\",\"url\":\"https:\/\/kzzywiec.org\/\",\"logo\":{\"@type\":\"ImageObject\",\"inLanguage\":\"pl-PL\",\"@id\":\"https:\/\/kzzywiec.org\/#\/schema\/logo\/image\/\",\"url\":\"https:\/\/kzzywiec.org\/wp-content\/uploads\/2018\/02\/ikona.png\",\"contentUrl\":\"https:\/\/kzzywiec.org\/wp-content\/uploads\/2018\/02\/ikona.png\",\"width\":512,\"height\":512,\"caption\":\"Ko\u015bci\u00f3\u0142 Zielono\u015bwi\u0105tkowy Zb\u00f3r w \u017bywcu\"},\"image\":{\"@id\":\"https:\/\/kzzywiec.org\/#\/schema\/logo\/image\/\"},\"sameAs\":[\"https:\/\/www.facebook.com\/kzzywiec\/\"]}]}<\/script>\n<!-- \/ Yoast SEO plugin. -->","yoast_head_json":{"title":"Ko\u015bci\u00f3\u0142 Zielono\u015bwi\u0105tkowy Zb\u00f3r w \u017bywcu","description":"Ko\u015bci\u00f3\u0142 Zielono\u015bwi\u0105tkowy w \u017bywcu to spo\u0142eczno\u015b\u0107 chrze\u015bcija\u0144ska o charakterze charyzmatycznym. G\u0142osimy pe\u0142n\u0105 ewangeli\u0119 i wyznajemy, \u017ce Pismo \u015awi\u0119te jest podstawow\u0105 norm\u0105 naszej wiary i przewodnikiem do \u017cycia zgodnego z wol\u0105 Bo\u017c\u0105.","robots":{"index":"index","follow":"follow","max-snippet":"max-snippet:-1","max-image-preview":"max-image-preview:large","max-video-preview":"max-video-preview:-1"},"canonical":"https:\/\/kzzywiec.org\/index.php\/sample-page\/","og_locale":"pl_PL","og_type":"article","og_title":"Ko\u015bci\u00f3\u0142 Zielono\u015bwi\u0105tkowy Zb\u00f3r w \u017bywcu","og_description":"Ko\u015bci\u00f3\u0142 Zielono\u015bwi\u0105tkowy w \u017bywcu to spo\u0142eczno\u015b\u0107 chrze\u015bcija\u0144ska o charakterze charyzmatycznym. G\u0142osimy pe\u0142n\u0105 ewangeli\u0119 i wyznajemy, \u017ce Pismo \u015awi\u0119te jest podstawow\u0105 norm\u0105 naszej wiary i przewodnikiem do \u017cycia zgodnego z wol\u0105 Bo\u017c\u0105.","og_url":"https:\/\/kzzywiec.org\/index.php\/sample-page\/","og_site_name":"Ko\u015bci\u00f3\u0142 Zielono\u015bwi\u0105tkowy Zb\u00f3r w \u017bywcu","article_publisher":"https:\/\/www.facebook.com\/kzzywiec\/","article_modified_time":"2018-02-15T08:10:27+00:00","twitter_card":"summary_large_image","twitter_misc":{"Szacowany czas czytania":"1 minuta"},"schema":{"@context":"https:\/\/schema.org","@graph":[{"@type":"WebPage","@id":"https:\/\/kzzywiec.org\/index.php\/sample-page\/","url":"https:\/\/kzzywiec.org\/index.php\/sample-page\/","name":"Ko\u015bci\u00f3\u0142 Zielono\u015bwi\u0105tkowy Zb\u00f3r w \u017bywcu","isPartOf":{"@id":"https:\/\/kzzywiec.org\/#website"},"datePublished":"2018-02-03T21:19:15+00:00","dateModified":"2018-02-15T08:10:27+00:00","description":"Ko\u015bci\u00f3\u0142 Zielono\u015bwi\u0105tkowy w \u017bywcu to spo\u0142eczno\u015b\u0107 chrze\u015bcija\u0144ska o charakterze charyzmatycznym. G\u0142osimy pe\u0142n\u0105 ewangeli\u0119 i wyznajemy, \u017ce Pismo \u015awi\u0119te jest podstawow\u0105 norm\u0105 naszej wiary i przewodnikiem do \u017cycia zgodnego z wol\u0105 Bo\u017c\u0105.","breadcrumb":{"@id":"https:\/\/kzzywiec.org\/index.php\/sample-page\/#breadcrumb"},"inLanguage":"pl-PL","potentialAction":[{"@type":"ReadAction","target":["https:\/\/kzzywiec.org\/index.php\/sample-page\/"]}]},{"@type":"BreadcrumbList","@id":"https:\/\/kzzywiec.org\/index.php\/sample-page\/#breadcrumb","itemListElement":[{"@type":"ListItem","position":1,"name":"Strona g\u0142\u00f3wna","item":"https:\/\/kzzywiec.org\/"},{"@type":"ListItem","position":2,"name":"Kim jeste\u015bmy?"}]},{"@type":"WebSite","@id":"https:\/\/kzzywiec.org\/#website","url":"https:\/\/kzzywiec.org\/","name":"Ko\u015bci\u00f3\u0142 Zielono\u015bwi\u0105tkowy Zb\u00f3r w \u017bywcu","description":"","publisher":{"@id":"https:\/\/kzzywiec.org\/#organization"},"potentialAction":[{"@type":"SearchAction","target":{"@type":"EntryPoint","urlTemplate":"https:\/\/kzzywiec.org\/?s={search_term_string}"},"query-input":{"@type":"PropertyValueSpecification","valueRequired":true,"valueName":"search_term_string"}}],"inLanguage":"pl-PL"},{"@type":"Organization","@id":"https:\/\/kzzywiec.org\/#organization","name":"Ko\u015bci\u00f3\u0142 Zielono\u015bwi\u0105tkowy Zb\u00f3r w \u017bywcu","url":"https:\/\/kzzywiec.org\/","logo":{"@type":"ImageObject","inLanguage":"pl-PL","@id":"https:\/\/kzzywiec.org\/#\/schema\/logo\/image\/","url":"https:\/\/kzzywiec.org\/wp-content\/uploads\/2018\/02\/ikona.png","contentUrl":"https:\/\/kzzywiec.org\/wp-content\/uploads\/2018\/02\/ikona.png","width":512,"height":512,"caption":"Ko\u015bci\u00f3\u0142 Zielono\u015bwi\u0105tkowy Zb\u00f3r w \u017bywcu"},"image":{"@id":"https:\/\/kzzywiec.org\/#\/schema\/logo\/image\/"},"sameAs":["https:\/\/www.facebook.com\/kzzywiec\/"]}]}},"_links":{"self":[{"href":"https:\/\/kzzywiec.org\/index.php\/wp-json\/wp\/v2\/pages\/2","targetHints":{"allow":["GET"]}}],"collection":[{"href":"https:\/\/kzzywiec.org\/index.php\/wp-json\/wp\/v2\/pages"}],"about":[{"href":"https:\/\/kzzywiec.org\/index.php\/wp-json\/wp\/v2\/types\/page"}],"author":[{"embeddable":true,"href":"https:\/\/kzzywiec.org\/index.php\/wp-json\/wp\/v2\/users\/1"}],"replies":[{"embeddable":true,"href":"https:\/\/kzzywiec.org\/index.php\/wp-json\/wp\/v2\/comments?post=2"}],"version-history":[{"count":47,"href":"https:\/\/kzzywiec.org\/index.php\/wp-json\/wp\/v2\/pages\/2\/revisions"}],"predecessor-version":[{"id":814,"href":"https:\/\/kzzywiec.org\/index.php\/wp-json\/wp\/v2\/pages\/2\/revisions\/814"}],"wp:attachment":[{"href":"https:\/\/kzzywiec.org\/index.php\/wp-json\/wp\/v2\/media?parent=2"}],"curies":[{"name":"wp","href":"https:\/\/api.w.org\/{rel}","templated":true}]}}