{"id":1593,"date":"2018-03-12T13:55:27","date_gmt":"2018-03-12T13:55:27","guid":{"rendered":"https:\/\/kzzywiec.org\/?page_id=1593"},"modified":"2018-03-12T13:57:37","modified_gmt":"2018-03-12T13:57:37","slug":"artykul-nawroceni-nienawroceni","status":"publish","type":"page","link":"https:\/\/kzzywiec.org\/index.php\/artykul-nawroceni-nienawroceni\/","title":{"rendered":"Artyku\u0142 &#8211; Nawr\u00f3ceni czy nienawr\u00f3ceni ?"},"content":{"rendered":"<div id=\"pl-1593\"  class=\"panel-layout\" ><div id=\"pg-1593-0\"  class=\"panel-grid panel-no-style\" ><div id=\"pgc-1593-0-0\"  class=\"panel-grid-cell\" ><div id=\"panel-1593-0-0-0\" class=\"so-panel widget widget_sow-editor panel-first-child\" data-index=\"0\" ><div\n\t\t\t\n\t\t\tclass=\"so-widget-sow-editor so-widget-sow-editor-base\"\n\t\t\t\n\t\t>\n<div class=\"siteorigin-widget-tinymce textwidget\">\n\t<h1>Nawr\u00f3ceni czy nienawr\u00f3ceni?<\/h1>\n<\/div>\n<\/div><\/div><div id=\"panel-1593-0-0-1\" class=\"so-panel widget widget_sow-editor panel-last-child\" data-index=\"1\" ><div\n\t\t\t\n\t\t\tclass=\"so-widget-sow-editor so-widget-sow-editor-base\"\n\t\t\t\n\t\t>\n<div class=\"siteorigin-widget-tinymce textwidget\">\n\t<p align=\"justify\"><strong>Zbawienie zawsze zale\u017cy od Boga, ale i cz\u0142owiek ma mo\u017cliwo\u015b\u0107 wyboru po\u00admi\u0119dzy \u017cyciem wiecznym a \u015bmierci\u0105.<\/strong>\u00a0Cz\u0142owiek, kt\u00f3ry si\u0119 nawraca do Boga, dzi\u0119ki \u0142asce od Pana otrzymuje zbawienie na podstawie wiary. W wyniku tego prze\u00ad\u017cycia zmienia swoje my\u015blenie, post\u0119powa\u00adnie i zaczyna \u017cy\u0107 zgodnie z wol\u0105 Bo\u017c\u0105. Je\u00ad\u017celi wybiera nawr\u00f3cenie, to ma szans\u0119 sp\u0119dzi\u0107 wieczno\u015b\u0107 z Bogiem. S\u0105 jednak lu\u00addzie, kt\u00f3rzy uwa\u017caj\u0105, \u017ce je\u015bli si\u0119 nawr\u00f3cili, to w tym momencie sprawa ich zbawienia zosta\u0142a rozstrzygni\u0119ta raz na zawsze. Po\u00adwiadaj\u0105, cytuj\u0105c aposto\u0142a Jana: \"<em>A\u00a0my\u00a0wiemy, ze przeszli\u015bmy ze \u015bmierci do\u00a0\u017cywota<\/em>\" - niestety w tym przypadku jest to tylko cz\u0119\u015b\u0107 prawdy, poniewa\u017c w dalszej cz\u0119\u015bci tego wersetu czytamy co\u015b, co jakby umyka ich uwadze -\"<em>bo mi\u0142ujemy braci; kto nie mi\u0142uje, pozostaje w \u015bmierci<\/em>\"\u00a0(1J 3,14). Pojawia si\u0119 tutaj wa\u017cne pytanie: Czy osoba, kt\u00f3ra kiedy\u015b zosta\u0142a zbawiona mo\u017ce to zbawienie utraci\u0107? Osobi\u015bcie nie baga\u00adtelizowa\u0142bym tego pytania, zw\u0142aszcza\u00a0\u017ce\u00a0nawet aposto\u0142 Pawe\u0142 brat pod uwag\u0119 w swoim \u017cyciu to niebezpiecze\u0144stwo, pisz\u0105c:<\/p>\n<p align=\"justify\">\"<em>bo\u00a0umartwiam cia\u0142o (...) bym przypadkiem sam nie by\u0142 odrzucony<\/em>\"\u00a0(1 Kor 9,27). S\u0142owo Bo\u017ce zak\u0142ada ewentualno\u015b\u0107, \u017ce cz\u0142owiek wierz\u0105cy mo\u017ce si\u0119 od Boga odwr\u00f3ci\u0107. Pisze o tym aposto\u0142 Piotr:\u00a0<em>je\u015bli bowiem przez poznanie Pana i Zbawiciela, Jezusa Chrystusa wyzwolili si\u0119 od brud\u00f3w \u015bwiata, lecz potem znowu w nie uwik\u0142ani daj\u0105 im si\u0119 opanowa\u0107, to stan ich ostateczny jest gorszy ni\u017c poprzedni. Lepiej bowiem byleby dla nich nie pozna\u0107 drogi sprawiedliwo\u015bci, ni\u017c poznawszy ja, odwr\u00f3ci\u0107 si\u0119 od przekazanego im \u015bwi\u0119tego przykazania.\u00a0<\/em><em>Sprawdza si\u0119 na nich tre\u015b\u0107 owego przys\u0142owia: Wraca pies do\u00a0wymiocin swoich, oraz: Umyta\u00a0\u015bwinia zn\u00f3w si\u0119 tarza w b\u0142ocie<\/em>\"\u00a0(2 P 2,20-22 ).<\/p>\n<p align=\"justify\">Mamy tutaj opis ludzi, kt\u00f3rzy nie wytrwali w Bo\u017cym S\u0142owie. Zacz\u0119li spogl\u0105da\u0107 wstecz i i wr\u00f3cili do stanu, w jakim si\u0119 znajdowali i przed nawr\u00f3ceniem. Pan Jezus ostrzega\u0142 przed tak\u0105 filozofi\u0105 \u017cycia powiadaj\u0105c: \"<em>\u017baden,\u00a0kt\u00f3ry przy\u0142o\u017cy r\u0119k\u0119 do p\u0142uga i ogl\u0105da si\u0119 wstecz, nie nadaje si\u0119 do Kr\u00f3lestwa Bo\u017cego<\/em>\".\u00a0Cz\u0142owiek wierz\u0105cy, z powodu rozmy\u015blnego trwania w grzechu, mo\u017ce utraci\u0107 przywileje, kt\u00f3re otrzyma\u0142 od Boga. W doskona\u0142y spos\u00f3b obrazuje to historia Izraela (1Kor 10,1-12). Izraelici wyprowadzeni z Egiptu pewni byli swojego wybra\u00adnia i swojej szczeg\u00f3lnej roli w Bo\u017cych planach, ale kt\u00f3rego\u015b dnia wszystko to stracili. Dlaczego? Bo zacz\u0119li rozmy\u015blnie grzeszy\u0107. Przestali wype\u0142nia\u0107 w swoim \u017cyciu Bo\u017c\u0105 wo\u00adl\u0119. Nie wytrwali w przykazaniach i stracili wi\u0119\u017a ze \u015bwi\u0119tym Panem. Chodzili co prawda jeszcze przez kilkadziesi\u0105t lat po pustyni, ale ich los byt przes\u0105dzony. Byli w zborze izrael\u00adskim, lecz na niewiele si\u0119 im to przyda\u0142o. Mo\u017cna mie\u0107 \u015bwietnego przyw\u00f3dc\u0119 duchowe\u00adgo, nale\u017ce\u0107 do wspania\u0142ego zboru, a pozosta\u00adwa\u0107 daleko od Boga. Jest to powa\u017cne ostrze\u00ad\u017cenie, kt\u00f3rego nie mo\u017cna lekcewa\u017cy\u0107.<\/p>\n<p align=\"justify\">Kto si\u0119 zatrzyma\u0142, ten zaczyna si\u0119 cofa\u0107 - m\u00f3wi stare porzekad\u0142o. Przygl\u0105daj\u0105c si\u0119 \u017cyciu niekt\u00f3rych chrze\u015bcijan mo\u017cna zau\u00adwa\u017cy\u0107, \u017ce w ich \u017cyciu tak si\u0119 w\u0142a\u015bnie dzie\u00adje. Zamiast dzia\u0142ania S\u0142owa Bo\u017cego, wida\u0107 sprawdzanie si\u0119 wspomnianego przys\u0142o\u00adwia. Dlaczego tak si\u0119 dzieje? My\u015bl\u0119, \u017ce ma to co\u015b wsp\u00f3lnego z po\u0142owicznym na\u00adwr\u00f3ceniem. Nie w\u0105tpi\u0119 w szczere pragnie\u00adnie przyj\u0119cia Pana Jezusa do swojego \u017cycia przez nawr\u00f3conego i w szczer\u0105 jego mo\u00addlitw\u0119 zwi\u0105zan\u0105 z\u00a0tym\u00a0prze\u017cyciem. Ale da\u00adje si\u0119 tu zauwa\u017cy\u0107 co\u015b innego, co\u015b bardzo gro\u017anego. To co\u015b nazwa\u0142bym niezrozumieniem, \u017ce nawr\u00f3ceniu powinien towarzyszy\u0107 proces u\u015bwi\u0119cenia. A \u017ce jest to proces, mo\u017cna zauwa\u017cy\u0107 czytaj\u0105c np. listy apostolskie.<\/p>\n<p align=\"justify\">\"<em>Zwleczcie z siebie starego cz\u0142owieka wraz z jego poprzednim post\u0119powaniem, kt\u00f3rego gu\u00adbi\u0105 zwodnicze \u017c\u0105dze, i odn\u00f3wcie si\u0119 w duchu umys\u0142u waszego, a obleczcie si\u0119 w nowego cz\u0142owieka, kt\u00f3ry jest stworzony wed\u0142ug Boga w sprawiedliwo\u015bci i \u015bwi\u0119to\u015bci prawdy<\/em>\"\u00a0(Ef 4,22-24). \"<em>Nie\u00a0ok\u0142amujcie si\u0119 nawzajem, skoro zewlekli\u015bcie z siebie starego cz\u0142owieka wraz z uczynkami jego, a przyoblekli nowego, kt\u00f3ry si\u0119 odnawia ustawicznie ku poznaniu na obraz te\u00adgo, kt\u00f3ry go stworzy\u0142<\/em>\"\u00a0(Kol 3,9-10).<\/p>\n<p align=\"justify\">U\u015bwi\u0119cenie jest procesem, kt\u00f3ry trwa przez cale \u017cycie odrodzonego chrze\u015bcijani\u00adna. Kto\u015b kto uwa\u017ca, \u017ce wszystko co mia\u0142o si\u0119 zmieni\u0107 w jego post\u0119powaniu dokona\u00ad\u0142o si\u0119 w chwili narodzenia na nowo, jest v. powa\u017cnym b\u0142\u0119dzie. Taka osoba cz\u0119sto za\u00admiast \"zewleka\u0107'' z siebie starego cz\u0142owie\u00adka wraca do na\u0142og\u00f3w ze starego \u017cycia.<\/p>\n<p align=\"justify\">Kto\u015b kto si\u0119 nawraca, podejmuje decyzji rezygnacji ze wszystkiego na rzecz Jezusa Chrystus staje si\u0119 centrum jego \u017cycia. Ali je\u015bli u kogo\u015b jest inaczej, to powinien si\u0119 po wa\u017cnie zastanowi\u0107 nad potrzeb\u0105 pokuty, aby przypadkiem nie trwa\u0142 w u\u0142udzie, \u017ce jest zbawiony, kiedy prawda jest niestety inna.<\/p>\n<p align=\"justify\"><em>Albo czy nie wiecie, ze niesprawiedliwi Kr\u00f3lestwa Bo\u017cego nie odziedzicz\u0105? Nie \u0142ud\u017acie si\u0119 ! Ani wszetecznicy, ani ba\u0142wochwalcy ani cudzo\u0142o\u017cnicy, ani rozpustnicy, ani m\u0119\u017co\u0142o\u017cnicy\u00a0ani z\u0142odzieje, ani chciwcy, ani pijacy, ani oszczercy, ani zdziercy Kr\u00f3lestwa Bo\u017cego nie odziedzicz\u0105. A takimi niekt\u00f3rzy z was byli; ale\u00ad\u015bcie obmyci, u\u015bwi\u0119ceni, i usprawiedliwieni w imieniu Pana Jezusa Chrystusa i w Duchu Bo\u00adga naszego\u00a0<\/em>(l Kor 6,9-11). Je\u017celi czyje\u015b \u017cycie po nawr\u00f3ceniu nie przynosi owocu, (Ga 5,22-23), to nale\u017cy si\u0119 powa\u017cnie zastanowi\u0107, jakie by\u0142o jego nawr\u00f3cenie, by\u0107 mo\u017ce dokona\u0142o si\u0119 ono jedynie w sferze intelektualnej lub emo\u00adcjonalnej. Mo\u017cna wtedy powiedzie\u0107, \u017ce prze\u017cycie to jest po\u0142owiczne, bo obj\u0119\u0142o tylko jak\u0105\u015b cz\u0119\u015b\u0107 cz\u0142owieka. Je\u015bli natomiast ma ono przynie\u015b\u0107 nale\u017cyty owoc, to po\u00adwinno obj\u0105\u0107 zar\u00f3wno rozum, jak i uczucia oraz wol\u0119. Kr\u00f3tko m\u00f3wi\u0105c, wa\u017cne jest zro\u00adzumienie i zaakceptowanie potrzeby od\u00adwr\u00f3cenia si\u0119 od grzechu. Wtedy Duch \u015awi\u0119ty spowoduje w nas smutek i \u017cal z powodu naszych win i grzesznego \u017cycia. Natomiast mi\u0142o\u015b\u0107 Bo\u017ca rozlana w naszych sercach przez Ducha \u015awi\u0119tego sprawi, \u017ce z pe\u0142nym zdecydowaniem i za wszelk\u0105 cen\u0119 b\u0119dziemy chcieli zaprzesta\u0107 z\u0142ego post\u0119\u00adpowania.<\/p>\n<p align=\"justify\">Billy Graham napisa\u0142: \"Mamy tysi\u0105ce ludzi w Ameryce, kt\u00f3rych nazwiska figuru\u00adj\u0105 w ko\u015bcielnym wykazie cz\u0142onk\u00f3w. Cho\u00addz\u0105 do ko\u015bcio\u0142a kiedy im to dogadza. Daj\u0105 pieni\u0105dze na Ko\u015bci\u00f3\u0142 i wspieraj\u0105 jego dzia\u00ad\u0142alno\u015b\u0107. Po nabo\u017ce\u0144stwie \u015bciskaj\u0105 d\u0142o\u0144 ka\u00adznodziei i m\u00f3wi\u0105 mu, jakie wspania\u0142e mia\u0142 kazanie. Pos\u0142uguj\u0105 si\u0119 chrze\u015bcija\u0144skimi wyra\u017ceniami i znaj\u0105 pewn\u0105 ilo\u015b\u0107 cytat\u00f3w z Pi\u00adsma \u015awi\u0119tego, lecz nigdy nie prze\u017cyli praw\u00addziwego upami\u0119tania si\u0119. Ich stosunek do religii da\u0142oby si\u0119 scharakteryzowa\u0107 s\u0142owami \"Jako\u015b tam b\u0119dzie\". Kiedy znajd\u0105 si\u0119 w opa\u00adtach, w\u00f3wczas zwracaj\u0105 si\u0119 do Boga i modl\u0105 si\u0119, ale poza tym o Bogu prawie nie my\u015bl\u0105. Biblia uczy, \u017ce kiedy kto\u015b przychodzi do Chrystusa, nast\u0119puje w nim zmiana, kt\u00f3ra odbija si\u0119 we wszystkim co robi\".<\/p>\n<p align=\"justify\">A wi\u0119c \"sprawd\u017amy bieg naszych dr\u00f3g\" -jak m\u00f3wi jedna z pie\u015bni. Aposto\u0142 Pawe\u0142 z uwag\u0105 przygl\u0105da\u0142 si\u0119 swojemu \u017cyciu i by\u0142 otwarty na pokut\u0119. Dlatego, gdy ko\u0144czy\u0142 swoje \u017cycie, m\u00f3g\u0142 napisa\u0107 do Tymoteusza:<\/p>\n<p align=\"justify\">\"<em>Dobry\u00a0b\u00f3j bojowa\u0142em, biegu dokona\u0142em, wiar\u0119 zachowa\u0142em; a teraz oczekuje mnie wieniec spra-wiedlwo\u015bci, kt\u00f3ry mi w owym dniu da Pan<\/em>\".<\/p>\n<p align=\"justify\">Gdy cz\u0142owiek \u017cyje w grzechu, traci wi\u0119\u017a z Bogiem. Czasami jest to ledwo dostrze\u00adgalny bardzo powolny proces. Jedno k\u0142am\u00adstwo, Jeden kompromis, jedna lampka wi\u00adna, jeden papieros, jeden flirt, itd. Kt\u00f3rego\u015b dnia idziemy na nabo\u017ce\u0144stwo i czujemy si\u0119 tam jako\u015b dziwnie. Postawa zborownik\u00f3w zaczyna nas dra\u017cni\u0107, kazanie jest tenden\u00adcyjne i skierowane przeciwko nam, a \u015bpie\u00adwane pie\u015bni zaczynaj\u0105 nas oskar\u017ca\u0107. Czuje\u00admy si\u0119 wyobcowani, ale liczymy na to, \u017ce z czasem jako\u015b si\u0119 to zmieni. Niestety jest coraz gorzej. Co robi\u0107? Je\u015bli dzi\u015b g\u0142os Jego s\u0142yszysz, nie trwaj w uporze, zacznij szuka\u0107 Pana w modlitwie i pokutuj.<\/p>\n<p>\u00a0<\/p>\n<p>Autor: Eugeniusz Gradek<br \/> Artyku\u0142 ukaza\u0142 si\u0119 w magazynie <em>Chrze\u015bcijanin<\/em> 5-6\/1999<\/p>\n<\/div>\n<\/div><\/div><\/div><\/div><\/div>","protected":false},"excerpt":{"rendered":"<p>Nawr\u00f3ceni czy nienawr\u00f3ceni? Zbawienie zawsze zale\u017cy od Boga, ale i cz\u0142owiek ma mo\u017cliwo\u015b\u0107 wyboru po\u00admi\u0119dzy \u017cyciem wiecznym a \u015bmierci\u0105.\u00a0Cz\u0142owiek, kt\u00f3ry si\u0119 nawraca do Boga, dzi\u0119ki \u0142asce od Pana otrzymuje zbawienie na podstawie wiary. W wyniku tego prze\u00ad\u017cycia zmienia swoje my\u015blenie, post\u0119powa\u00adnie i zaczyna \u017cy\u0107 zgodnie z wol\u0105 Bo\u017c\u0105. Je\u00ad\u017celi wybiera nawr\u00f3cenie, to ma szans\u0119 sp\u0119dzi\u0107 &hellip; <\/p>\n<p class=\"link-more\"><a href=\"https:\/\/kzzywiec.org\/index.php\/artykul-nawroceni-nienawroceni\/\" class=\"more-link\">Czytaj dalej<span class=\"screen-reader-text\"> \u201eArtyku\u0142 &#8211; Nawr\u00f3ceni czy nienawr\u00f3ceni ?\u201d<\/span><\/a><\/p>\n","protected":false},"author":1,"featured_media":0,"parent":0,"menu_order":0,"comment_status":"closed","ping_status":"closed","template":"","meta":{"footnotes":""},"class_list":["post-1593","page","type-page","status-publish","hentry"],"yoast_head":"<!-- This site is optimized with the Yoast SEO plugin v26.8 - https:\/\/yoast.com\/product\/yoast-seo-wordpress\/ -->\n<title>Ko\u015bci\u00f3\u0142 Zielono\u015bwi\u0105tkowy Zb\u00f3r w \u017bywcu<\/title>\n<meta name=\"description\" content=\"Ko\u015bci\u00f3\u0142 Zielono\u015bwi\u0105tkowy w \u017bywcu to spo\u0142eczno\u015b\u0107 chrze\u015bcija\u0144ska o charakterze charyzmatycznym. G\u0142osimy pe\u0142n\u0105 ewangeli\u0119 i wyznajemy, \u017ce Pismo \u015awi\u0119te jest podstawow\u0105 norm\u0105 naszej wiary i przewodnikiem do \u017cycia zgodnego z wol\u0105 Bo\u017c\u0105.\" \/>\n<meta name=\"robots\" content=\"index, follow, max-snippet:-1, max-image-preview:large, max-video-preview:-1\" \/>\n<link rel=\"canonical\" href=\"https:\/\/kzzywiec.org\/index.php\/artykul-nawroceni-nienawroceni\/\" \/>\n<meta property=\"og:locale\" content=\"pl_PL\" \/>\n<meta property=\"og:type\" content=\"article\" \/>\n<meta property=\"og:title\" content=\"Ko\u015bci\u00f3\u0142 Zielono\u015bwi\u0105tkowy Zb\u00f3r w \u017bywcu\" \/>\n<meta property=\"og:description\" content=\"Ko\u015bci\u00f3\u0142 Zielono\u015bwi\u0105tkowy w \u017bywcu to spo\u0142eczno\u015b\u0107 chrze\u015bcija\u0144ska o charakterze charyzmatycznym. G\u0142osimy pe\u0142n\u0105 ewangeli\u0119 i wyznajemy, \u017ce Pismo \u015awi\u0119te jest podstawow\u0105 norm\u0105 naszej wiary i przewodnikiem do \u017cycia zgodnego z wol\u0105 Bo\u017c\u0105.\" \/>\n<meta property=\"og:url\" content=\"https:\/\/kzzywiec.org\/index.php\/artykul-nawroceni-nienawroceni\/\" \/>\n<meta property=\"og:site_name\" content=\"Ko\u015bci\u00f3\u0142 Zielono\u015bwi\u0105tkowy Zb\u00f3r w \u017bywcu\" \/>\n<meta property=\"article:publisher\" content=\"https:\/\/www.facebook.com\/kzzywiec\/\" \/>\n<meta property=\"article:modified_time\" content=\"2018-03-12T13:57:37+00:00\" \/>\n<meta name=\"twitter:card\" content=\"summary_large_image\" \/>\n<meta name=\"twitter:label1\" content=\"Szacowany czas czytania\" \/>\n\t<meta name=\"twitter:data1\" content=\"7 minut\" \/>\n<script type=\"application\/ld+json\" class=\"yoast-schema-graph\">{\"@context\":\"https:\/\/schema.org\",\"@graph\":[{\"@type\":\"WebPage\",\"@id\":\"https:\/\/kzzywiec.org\/index.php\/artykul-nawroceni-nienawroceni\/\",\"url\":\"https:\/\/kzzywiec.org\/index.php\/artykul-nawroceni-nienawroceni\/\",\"name\":\"Ko\u015bci\u00f3\u0142 Zielono\u015bwi\u0105tkowy Zb\u00f3r w \u017bywcu\",\"isPartOf\":{\"@id\":\"https:\/\/kzzywiec.org\/#website\"},\"datePublished\":\"2018-03-12T13:55:27+00:00\",\"dateModified\":\"2018-03-12T13:57:37+00:00\",\"description\":\"Ko\u015bci\u00f3\u0142 Zielono\u015bwi\u0105tkowy w \u017bywcu to spo\u0142eczno\u015b\u0107 chrze\u015bcija\u0144ska o charakterze charyzmatycznym. G\u0142osimy pe\u0142n\u0105 ewangeli\u0119 i wyznajemy, \u017ce Pismo \u015awi\u0119te jest podstawow\u0105 norm\u0105 naszej wiary i przewodnikiem do \u017cycia zgodnego z wol\u0105 Bo\u017c\u0105.\",\"breadcrumb\":{\"@id\":\"https:\/\/kzzywiec.org\/index.php\/artykul-nawroceni-nienawroceni\/#breadcrumb\"},\"inLanguage\":\"pl-PL\",\"potentialAction\":[{\"@type\":\"ReadAction\",\"target\":[\"https:\/\/kzzywiec.org\/index.php\/artykul-nawroceni-nienawroceni\/\"]}]},{\"@type\":\"BreadcrumbList\",\"@id\":\"https:\/\/kzzywiec.org\/index.php\/artykul-nawroceni-nienawroceni\/#breadcrumb\",\"itemListElement\":[{\"@type\":\"ListItem\",\"position\":1,\"name\":\"Strona g\u0142\u00f3wna\",\"item\":\"https:\/\/kzzywiec.org\/\"},{\"@type\":\"ListItem\",\"position\":2,\"name\":\"Artyku\u0142 &#8211; Nawr\u00f3ceni czy nienawr\u00f3ceni ?\"}]},{\"@type\":\"WebSite\",\"@id\":\"https:\/\/kzzywiec.org\/#website\",\"url\":\"https:\/\/kzzywiec.org\/\",\"name\":\"Ko\u015bci\u00f3\u0142 Zielono\u015bwi\u0105tkowy Zb\u00f3r w \u017bywcu\",\"description\":\"\",\"publisher\":{\"@id\":\"https:\/\/kzzywiec.org\/#organization\"},\"potentialAction\":[{\"@type\":\"SearchAction\",\"target\":{\"@type\":\"EntryPoint\",\"urlTemplate\":\"https:\/\/kzzywiec.org\/?s={search_term_string}\"},\"query-input\":{\"@type\":\"PropertyValueSpecification\",\"valueRequired\":true,\"valueName\":\"search_term_string\"}}],\"inLanguage\":\"pl-PL\"},{\"@type\":\"Organization\",\"@id\":\"https:\/\/kzzywiec.org\/#organization\",\"name\":\"Ko\u015bci\u00f3\u0142 Zielono\u015bwi\u0105tkowy Zb\u00f3r w \u017bywcu\",\"url\":\"https:\/\/kzzywiec.org\/\",\"logo\":{\"@type\":\"ImageObject\",\"inLanguage\":\"pl-PL\",\"@id\":\"https:\/\/kzzywiec.org\/#\/schema\/logo\/image\/\",\"url\":\"https:\/\/kzzywiec.org\/wp-content\/uploads\/2018\/02\/ikona.png\",\"contentUrl\":\"https:\/\/kzzywiec.org\/wp-content\/uploads\/2018\/02\/ikona.png\",\"width\":512,\"height\":512,\"caption\":\"Ko\u015bci\u00f3\u0142 Zielono\u015bwi\u0105tkowy Zb\u00f3r w \u017bywcu\"},\"image\":{\"@id\":\"https:\/\/kzzywiec.org\/#\/schema\/logo\/image\/\"},\"sameAs\":[\"https:\/\/www.facebook.com\/kzzywiec\/\"]}]}<\/script>\n<!-- \/ Yoast SEO plugin. -->","yoast_head_json":{"title":"Ko\u015bci\u00f3\u0142 Zielono\u015bwi\u0105tkowy Zb\u00f3r w \u017bywcu","description":"Ko\u015bci\u00f3\u0142 Zielono\u015bwi\u0105tkowy w \u017bywcu to spo\u0142eczno\u015b\u0107 chrze\u015bcija\u0144ska o charakterze charyzmatycznym. G\u0142osimy pe\u0142n\u0105 ewangeli\u0119 i wyznajemy, \u017ce Pismo \u015awi\u0119te jest podstawow\u0105 norm\u0105 naszej wiary i przewodnikiem do \u017cycia zgodnego z wol\u0105 Bo\u017c\u0105.","robots":{"index":"index","follow":"follow","max-snippet":"max-snippet:-1","max-image-preview":"max-image-preview:large","max-video-preview":"max-video-preview:-1"},"canonical":"https:\/\/kzzywiec.org\/index.php\/artykul-nawroceni-nienawroceni\/","og_locale":"pl_PL","og_type":"article","og_title":"Ko\u015bci\u00f3\u0142 Zielono\u015bwi\u0105tkowy Zb\u00f3r w \u017bywcu","og_description":"Ko\u015bci\u00f3\u0142 Zielono\u015bwi\u0105tkowy w \u017bywcu to spo\u0142eczno\u015b\u0107 chrze\u015bcija\u0144ska o charakterze charyzmatycznym. G\u0142osimy pe\u0142n\u0105 ewangeli\u0119 i wyznajemy, \u017ce Pismo \u015awi\u0119te jest podstawow\u0105 norm\u0105 naszej wiary i przewodnikiem do \u017cycia zgodnego z wol\u0105 Bo\u017c\u0105.","og_url":"https:\/\/kzzywiec.org\/index.php\/artykul-nawroceni-nienawroceni\/","og_site_name":"Ko\u015bci\u00f3\u0142 Zielono\u015bwi\u0105tkowy Zb\u00f3r w \u017bywcu","article_publisher":"https:\/\/www.facebook.com\/kzzywiec\/","article_modified_time":"2018-03-12T13:57:37+00:00","twitter_card":"summary_large_image","twitter_misc":{"Szacowany czas czytania":"7 minut"},"schema":{"@context":"https:\/\/schema.org","@graph":[{"@type":"WebPage","@id":"https:\/\/kzzywiec.org\/index.php\/artykul-nawroceni-nienawroceni\/","url":"https:\/\/kzzywiec.org\/index.php\/artykul-nawroceni-nienawroceni\/","name":"Ko\u015bci\u00f3\u0142 Zielono\u015bwi\u0105tkowy Zb\u00f3r w \u017bywcu","isPartOf":{"@id":"https:\/\/kzzywiec.org\/#website"},"datePublished":"2018-03-12T13:55:27+00:00","dateModified":"2018-03-12T13:57:37+00:00","description":"Ko\u015bci\u00f3\u0142 Zielono\u015bwi\u0105tkowy w \u017bywcu to spo\u0142eczno\u015b\u0107 chrze\u015bcija\u0144ska o charakterze charyzmatycznym. G\u0142osimy pe\u0142n\u0105 ewangeli\u0119 i wyznajemy, \u017ce Pismo \u015awi\u0119te jest podstawow\u0105 norm\u0105 naszej wiary i przewodnikiem do \u017cycia zgodnego z wol\u0105 Bo\u017c\u0105.","breadcrumb":{"@id":"https:\/\/kzzywiec.org\/index.php\/artykul-nawroceni-nienawroceni\/#breadcrumb"},"inLanguage":"pl-PL","potentialAction":[{"@type":"ReadAction","target":["https:\/\/kzzywiec.org\/index.php\/artykul-nawroceni-nienawroceni\/"]}]},{"@type":"BreadcrumbList","@id":"https:\/\/kzzywiec.org\/index.php\/artykul-nawroceni-nienawroceni\/#breadcrumb","itemListElement":[{"@type":"ListItem","position":1,"name":"Strona g\u0142\u00f3wna","item":"https:\/\/kzzywiec.org\/"},{"@type":"ListItem","position":2,"name":"Artyku\u0142 &#8211; Nawr\u00f3ceni czy nienawr\u00f3ceni ?"}]},{"@type":"WebSite","@id":"https:\/\/kzzywiec.org\/#website","url":"https:\/\/kzzywiec.org\/","name":"Ko\u015bci\u00f3\u0142 Zielono\u015bwi\u0105tkowy Zb\u00f3r w \u017bywcu","description":"","publisher":{"@id":"https:\/\/kzzywiec.org\/#organization"},"potentialAction":[{"@type":"SearchAction","target":{"@type":"EntryPoint","urlTemplate":"https:\/\/kzzywiec.org\/?s={search_term_string}"},"query-input":{"@type":"PropertyValueSpecification","valueRequired":true,"valueName":"search_term_string"}}],"inLanguage":"pl-PL"},{"@type":"Organization","@id":"https:\/\/kzzywiec.org\/#organization","name":"Ko\u015bci\u00f3\u0142 Zielono\u015bwi\u0105tkowy Zb\u00f3r w \u017bywcu","url":"https:\/\/kzzywiec.org\/","logo":{"@type":"ImageObject","inLanguage":"pl-PL","@id":"https:\/\/kzzywiec.org\/#\/schema\/logo\/image\/","url":"https:\/\/kzzywiec.org\/wp-content\/uploads\/2018\/02\/ikona.png","contentUrl":"https:\/\/kzzywiec.org\/wp-content\/uploads\/2018\/02\/ikona.png","width":512,"height":512,"caption":"Ko\u015bci\u00f3\u0142 Zielono\u015bwi\u0105tkowy Zb\u00f3r w \u017bywcu"},"image":{"@id":"https:\/\/kzzywiec.org\/#\/schema\/logo\/image\/"},"sameAs":["https:\/\/www.facebook.com\/kzzywiec\/"]}]}},"_links":{"self":[{"href":"https:\/\/kzzywiec.org\/index.php\/wp-json\/wp\/v2\/pages\/1593","targetHints":{"allow":["GET"]}}],"collection":[{"href":"https:\/\/kzzywiec.org\/index.php\/wp-json\/wp\/v2\/pages"}],"about":[{"href":"https:\/\/kzzywiec.org\/index.php\/wp-json\/wp\/v2\/types\/page"}],"author":[{"embeddable":true,"href":"https:\/\/kzzywiec.org\/index.php\/wp-json\/wp\/v2\/users\/1"}],"replies":[{"embeddable":true,"href":"https:\/\/kzzywiec.org\/index.php\/wp-json\/wp\/v2\/comments?post=1593"}],"version-history":[{"count":8,"href":"https:\/\/kzzywiec.org\/index.php\/wp-json\/wp\/v2\/pages\/1593\/revisions"}],"predecessor-version":[{"id":1601,"href":"https:\/\/kzzywiec.org\/index.php\/wp-json\/wp\/v2\/pages\/1593\/revisions\/1601"}],"wp:attachment":[{"href":"https:\/\/kzzywiec.org\/index.php\/wp-json\/wp\/v2\/media?parent=1593"}],"curies":[{"name":"wp","href":"https:\/\/api.w.org\/{rel}","templated":true}]}}