{"id":1574,"date":"2018-03-12T13:37:07","date_gmt":"2018-03-12T13:37:07","guid":{"rendered":"https:\/\/kzzywiec.org\/?page_id=1574"},"modified":"2018-03-12T13:58:06","modified_gmt":"2018-03-12T13:58:06","slug":"artykul-syn-marnotrawny","status":"publish","type":"page","link":"https:\/\/kzzywiec.org\/index.php\/artykul-syn-marnotrawny\/","title":{"rendered":"Artyku\u0142 &#8211; Syn marnotrawny"},"content":{"rendered":"<div id=\"pl-1574\"  class=\"panel-layout\" ><div id=\"pg-1574-0\"  class=\"panel-grid panel-no-style\" ><div id=\"pgc-1574-0-0\"  class=\"panel-grid-cell\" ><div id=\"panel-1574-0-0-0\" class=\"so-panel widget widget_sow-editor panel-first-child\" data-index=\"0\" ><div\n\t\t\t\n\t\t\tclass=\"so-widget-sow-editor so-widget-sow-editor-base\"\n\t\t\t\n\t\t>\n<div class=\"siteorigin-widget-tinymce textwidget\">\n\t<h1 style=\"text-align: center;\">Syn marnotrawny<\/h1>\n<\/div>\n<\/div><\/div><div id=\"panel-1574-0-0-1\" class=\"so-panel widget widget_sow-editor panel-last-child\" data-index=\"1\" ><div\n\t\t\t\n\t\t\tclass=\"so-widget-sow-editor so-widget-sow-editor-base\"\n\t\t\t\n\t\t>\n<div class=\"siteorigin-widget-tinymce textwidget\">\n\t<p align=\"justify\">Chodz\u0105c po Palestynie Jezus Chrystus spotyka\u0142 r\u00f3\u017cnych ludzi. Przychodzili do Niego grzesznicy: nieuczciwi poborcy podatk\u00f3w, zarozumiali uczeni w Pi\u015bmie i pyszni faryzeusze. Jedni po to, aby znale\u017a\u0107 ukojenie dla zn\u0119kanych dusz, drudzy, aby usprawiedliwi\u0107 siebie, a pot\u0119pi\u0107 innych. Widz\u0105c to, Jezus opowiedzia\u0142 im histori\u0119 m\u0142odego cz\u0142owieka, kt\u00f3ry roztrwoni\u0142 maj\u0105tek na rozwi\u0105z\u0142e \u017cycie, a potem wr\u00f3ci\u0142 do Ojca. I znalaz\u0142 u niego przebaczenie (\u0141k 15, 1-24). W XVII wieku przypowie\u015b\u0107 ta sta\u0142a si\u0119 inspiracj\u0105 do namalowania obrazu zatytu\u0142owanego \"Syn Marnotrawny\". Artyst\u0105, kt\u00f3ry wykona\u0142 to dzie\u0142o by\u0142 znakomity malarz holenderski Rembrandt van Rijn.<\/p>\n<p align=\"justify\">Urodzi\u0142 si\u0119 w rodzinie protestanckiej. Mia\u0142 zosta\u0107 duchownym, ale rozpocz\u0105\u0142 studia prawnicze, ucz\u0105c si\u0119 jednocze\u015bnie malarstwa, kt\u00f3re przynios\u0142o mu rozg\u0142os i s\u0142aw\u0119. O\u017ceni\u0142 si\u0119 z bogat\u0105 kobiet\u0105. Mieszka\u0142 w pi\u0119knej dzielnicy Amsterdamu, w przepychu i zbytku. Gdy mia\u0142 38 lat, umar\u0142a mu \u017cona. To pocz\u0105tek nieszcz\u0119\u015bcia. Rembrandt \u017cy\u0142 lekkomy\u015blnie i wkr\u00f3tce sta\u0142 si\u0119 bankrutem. Licytacja maj\u0105tku zmusi\u0142a go do opuszczenia zamo\u017cnej cz\u0119\u015bci miasta i przeniesienia si\u0119 do ubogiej dzielnicy. Na domiar z\u0142ego \u017cy\u0142 w konkubinacie. By\u0142 za to napi\u0119tnowany przez Ko\u015bci\u00f3\u0142 Ewangelicko-Reformowany. W ostatnich latach swego \u017cycia straci\u0142 konkubin\u0119, umar\u0142 te\u017c jego prawowity syn Tytus. Zosta\u0142 sam, opuszczony i zapomniany przez wszystkich. Od tego czasu Biblia sta\u0142a si\u0119 \u017ar\u00f3d\u0142em, z kt\u00f3rego czerpa\u0142 natchnienie do swoich prac i ona towarzyszy\u0142a mu do ko\u0144ca \u017cycia, u schy\u0142ku kt\u00f3rego namalowa\u0142 dzie\u0142o, \u015bwiadcz\u0105ce o g\u0142\u0119bokiej znajomo\u015bci Biblii. \"Syn Marnotrawny\" to przejmuj\u0105cy obraz o ogromnym pi\u0119knie malarskim i wra\u017cliwo\u015bci psychologicznej, przedstawiaj\u0105cy epos mi\u0142o\u015bci ojcowskiej i ufno\u015bci synowskiej w wieczne przebaczenie. W tym dziele Rembrandt zawar\u0142 ca\u0142\u0105 prawd\u0119 o swoim \u017cyciu oraz wielk\u0105\u00a0nadziej\u0119 grzesznika na przebaczenie Bo\u017ce.<\/p>\n<p><img loading=\"lazy\" decoding=\"async\" class=\"size-full wp-image-1577 alignleft\" src=\"https:\/\/kzzywiec.org\/wp-content\/uploads\/2018\/03\/synmarnotrawny.jpg\" alt=\"\" width=\"108\" height=\"208\" \/><\/p>\n<p align=\"justify\">Historia o synu marnotrawnym odkrywa przed nami wielk\u0105 prawd\u0119 o Bo\u017cej mi\u0142o\u015bci do cz\u0142owieka, kt\u00f3ry zb\u0142\u0105dzi\u0142. Ods\u0142ania te\u017c tajemnic\u0119 powodzenia ewangelii g\u0142oszonej przez Jezusa Chrystusa grzesznikom. Ci ludzie oczekiwali w swoim \u017cyciu nie tylko pot\u0119pienia, ale liczyli r\u00f3wnie\u017c na odrobin\u0119 lito\u015bci. Bo\u017cy Syn mia\u0142 im do zaoferowania znacznie wi\u0119cej:\u00a0<em>\"On to poni\u00f3s\u0142 grzech wielu i wstawi\u0142 si\u0119 za przest\u0119pcami\"\u00a0<\/em>(Iz 53,12b). Dlatego tak ch\u0119tnie<em>\u00a0\"zbli\u017cali si\u0119 do Niego wszyscy celnicy i grzesznicy, aby go s\u0142ucha\u0107\"\u00a0<\/em>(\u0141k 15,1). Znajdowali bowiem u Jego st\u00f3p s\u0142owa nadziei i szans\u0119 na zbawienie (\u0141k 19,9). Jezus przywo\u0142a\u0142 przed ich oczy mo\u017ce zapomniany ju\u017c obraz Boga. Mi\u0142osiernego, \u0142askawego, cierpliwego i pe\u0142nego dobroci Ojca, kt\u00f3ry nie gniewa si\u0119 wiecznie i nie odp\u0142aca wed\u0142ug pope\u0142nionych win.\u00a0<em>\"Lecz jak wysoko jest niebo nad ziemi\u0105 tak wielka jest dobro\u0107 jego dla tych, kt\u00f3rzy si\u0119 go boj\u0105. Jak daleko jest wsch\u00f3d od zachodu, tak oddali\u0142 od nas wyst\u0119pki nasze. Jak lituje si\u0119 ojciec nad dzie\u0107mi, tak si\u0119 lituje Pan nad tymi, kt\u00f3rzy si\u0119 go boj\u0105\"<\/em>\u00a0(Ps 103,8-13). Oto genialne dzie\u0142o, o unikalnym pi\u0119knie, urzekaj\u0105ce bezgraniczn\u0105 mi\u0142o\u015bci\u0105 Stw\u00f3rcy do stworzenia, przygotowane z my\u015bl\u0105 o cz\u0142owieku, kt\u00f3ry zb\u0142\u0105dzi\u0142, poszed\u0142 w\u0142asn\u0105 drog\u0105, z dala od Boga.<\/p>\n<p align=\"justify\">Mo\u017ce odszed\u0142e\u015b daleko. Mo\u017ce przez lata \u017cy\u0142e\u015b z dala od domu Ojca. Mo\u017ce czas sprawi\u0142, \u017ce Jego obraz sta\u0142 si\u0119 zamazany przed Twoimi oczyma. Mo\u017ce \"ko\u015bcielni znawcy Prawa\", od kt\u00f3rych oczekiwa\u0142e\u015b pociechy, odwr\u00f3cili si\u0119 od Ciebie z oburzeniem. Mimo to. Drogi Przyjacielu, chc\u0119 Ci przekaza\u0107 wspania\u0142\u0105 nowin\u0119. Istnieje dla Ciebie \u0142aska, bo \u0142aska Pana trwa na wieki. Dop\u00f3ty, dop\u00f3ki jest w Tobie tchnienie \u017cycia masz okazj\u0119 spocz\u0105\u0107 w ramionach Ojca w Niebie. Nie zmarnuj tej niepowtarzalnej okazji. <em>\"Upami\u0119taj i nawr\u00f3\u0107 si\u0119, aby zg\u0142adzone by\u0142y grzechy twoje\"<\/em>\u00a0(Dz 3,19). W Twoim upami\u0119taniu nie chodzi tylko o to, aby\u015b wyzna\u0142 Bogu grzech z obawy przed kar\u0105, ale by\u015b poczu\u0142 \u017cal z powodu tego, co w Twoim \u017cyciu obrazi\u0142o \u015bwi\u0119to\u015b\u0107 i wielko\u015b\u0107 mi\u0142uj\u0105cego Ci? Ojca w Niebie. Serce Boga jest pe\u0142ne \u017calu i b\u00f3lu z powodu pope\u0142nionego przez Ciebie grzechu (1 Moj. 6,5-6). Tw\u00f3j \u017cal (pokuta) w po\u0142\u0105czeniu z Bo\u017cym \u017calem (mi\u0142osierdziem) stworz\u0105 podstaw\u0119 do zmiany my\u015blenia (nawr\u00f3cenia). To b\u0119dzie inspirowa\u0107 Ci\u0119 do zawr\u00f3cenia ze z\u0142ej drogi i ponownego wej\u015bcia na Bo\u017c\u0105 drog\u0119. Pod wp\u0142ywem tego prze\u017cycia przyjdzie czas na porzucenie dotychczasowego grzesznego \u017cycia. Mo\u017ce to by\u0107 bardzo powolny proces (ma\u0142ych krok\u00f3w), ale nie rezygnuj. B\u00f3g jednak ma moc dokona\u0107 przy Twoim wsp\u00f3\u0142udziale ca\u0142kowitej przemiany Twojego \u017cycia (Rz 8,28). Zaufaj Mu!<\/p>\n<p>Autor: Eugeniusz Gradek<br \/> Artyku\u0142 ukaza\u0142 si\u0119 w magazynie\u00a0<em>Chrze\u015bcijanin<\/em>\u00a0Nr 11-12\/1995<\/p>\n<\/div>\n<\/div><\/div><\/div><\/div><\/div>","protected":false},"excerpt":{"rendered":"<p>Syn marnotrawny Chodz\u0105c po Palestynie Jezus Chrystus spotyka\u0142 r\u00f3\u017cnych ludzi. Przychodzili do Niego grzesznicy: nieuczciwi poborcy podatk\u00f3w, zarozumiali uczeni w Pi\u015bmie i pyszni faryzeusze. Jedni po to, aby znale\u017a\u0107 ukojenie dla zn\u0119kanych dusz, drudzy, aby usprawiedliwi\u0107 siebie, a pot\u0119pi\u0107 innych. Widz\u0105c to, Jezus opowiedzia\u0142 im histori\u0119 m\u0142odego cz\u0142owieka, kt\u00f3ry roztrwoni\u0142 maj\u0105tek na rozwi\u0105z\u0142e \u017cycie, a &hellip; <\/p>\n<p class=\"link-more\"><a href=\"https:\/\/kzzywiec.org\/index.php\/artykul-syn-marnotrawny\/\" class=\"more-link\">Czytaj dalej<span class=\"screen-reader-text\"> \u201eArtyku\u0142 &#8211; Syn marnotrawny\u201d<\/span><\/a><\/p>\n","protected":false},"author":1,"featured_media":0,"parent":0,"menu_order":0,"comment_status":"closed","ping_status":"closed","template":"","meta":{"footnotes":""},"class_list":["post-1574","page","type-page","status-publish","hentry"],"yoast_head":"<!-- This site is optimized with the Yoast SEO plugin v26.8 - https:\/\/yoast.com\/product\/yoast-seo-wordpress\/ -->\n<title>Ko\u015bci\u00f3\u0142 Zielono\u015bwi\u0105tkowy Zb\u00f3r w \u017bywcu<\/title>\n<meta name=\"description\" content=\"Ko\u015bci\u00f3\u0142 Zielono\u015bwi\u0105tkowy w \u017bywcu to spo\u0142eczno\u015b\u0107 chrze\u015bcija\u0144ska o charakterze charyzmatycznym. G\u0142osimy pe\u0142n\u0105 ewangeli\u0119 i wyznajemy, \u017ce Pismo \u015awi\u0119te jest podstawow\u0105 norm\u0105 naszej wiary i przewodnikiem do \u017cycia zgodnego z wol\u0105 Bo\u017c\u0105.\" \/>\n<meta name=\"robots\" content=\"index, follow, max-snippet:-1, max-image-preview:large, max-video-preview:-1\" \/>\n<link rel=\"canonical\" href=\"https:\/\/kzzywiec.org\/index.php\/artykul-syn-marnotrawny\/\" \/>\n<meta property=\"og:locale\" content=\"pl_PL\" \/>\n<meta property=\"og:type\" content=\"article\" \/>\n<meta property=\"og:title\" content=\"Ko\u015bci\u00f3\u0142 Zielono\u015bwi\u0105tkowy Zb\u00f3r w \u017bywcu\" \/>\n<meta property=\"og:description\" content=\"Ko\u015bci\u00f3\u0142 Zielono\u015bwi\u0105tkowy w \u017bywcu to spo\u0142eczno\u015b\u0107 chrze\u015bcija\u0144ska o charakterze charyzmatycznym. G\u0142osimy pe\u0142n\u0105 ewangeli\u0119 i wyznajemy, \u017ce Pismo \u015awi\u0119te jest podstawow\u0105 norm\u0105 naszej wiary i przewodnikiem do \u017cycia zgodnego z wol\u0105 Bo\u017c\u0105.\" \/>\n<meta property=\"og:url\" content=\"https:\/\/kzzywiec.org\/index.php\/artykul-syn-marnotrawny\/\" \/>\n<meta property=\"og:site_name\" content=\"Ko\u015bci\u00f3\u0142 Zielono\u015bwi\u0105tkowy Zb\u00f3r w \u017bywcu\" \/>\n<meta property=\"article:publisher\" content=\"https:\/\/www.facebook.com\/kzzywiec\/\" \/>\n<meta property=\"article:modified_time\" content=\"2018-03-12T13:58:06+00:00\" \/>\n<meta property=\"og:image\" content=\"https:\/\/kzzywiec.org\/wp-content\/uploads\/2018\/03\/synmarnotrawny.jpg\" \/>\n\t<meta property=\"og:image:width\" content=\"108\" \/>\n\t<meta property=\"og:image:height\" content=\"208\" \/>\n\t<meta property=\"og:image:type\" content=\"image\/jpeg\" \/>\n<meta name=\"twitter:card\" content=\"summary_large_image\" \/>\n<meta name=\"twitter:label1\" content=\"Szacowany czas czytania\" \/>\n\t<meta name=\"twitter:data1\" content=\"4 minuty\" \/>\n<script type=\"application\/ld+json\" class=\"yoast-schema-graph\">{\"@context\":\"https:\/\/schema.org\",\"@graph\":[{\"@type\":\"WebPage\",\"@id\":\"https:\/\/kzzywiec.org\/index.php\/artykul-syn-marnotrawny\/\",\"url\":\"https:\/\/kzzywiec.org\/index.php\/artykul-syn-marnotrawny\/\",\"name\":\"Ko\u015bci\u00f3\u0142 Zielono\u015bwi\u0105tkowy Zb\u00f3r w \u017bywcu\",\"isPartOf\":{\"@id\":\"https:\/\/kzzywiec.org\/#website\"},\"primaryImageOfPage\":{\"@id\":\"https:\/\/kzzywiec.org\/index.php\/artykul-syn-marnotrawny\/#primaryimage\"},\"image\":{\"@id\":\"https:\/\/kzzywiec.org\/index.php\/artykul-syn-marnotrawny\/#primaryimage\"},\"thumbnailUrl\":\"https:\/\/kzzywiec.org\/wp-content\/uploads\/2018\/03\/synmarnotrawny.jpg\",\"datePublished\":\"2018-03-12T13:37:07+00:00\",\"dateModified\":\"2018-03-12T13:58:06+00:00\",\"description\":\"Ko\u015bci\u00f3\u0142 Zielono\u015bwi\u0105tkowy w \u017bywcu to spo\u0142eczno\u015b\u0107 chrze\u015bcija\u0144ska o charakterze charyzmatycznym. G\u0142osimy pe\u0142n\u0105 ewangeli\u0119 i wyznajemy, \u017ce Pismo \u015awi\u0119te jest podstawow\u0105 norm\u0105 naszej wiary i przewodnikiem do \u017cycia zgodnego z wol\u0105 Bo\u017c\u0105.\",\"breadcrumb\":{\"@id\":\"https:\/\/kzzywiec.org\/index.php\/artykul-syn-marnotrawny\/#breadcrumb\"},\"inLanguage\":\"pl-PL\",\"potentialAction\":[{\"@type\":\"ReadAction\",\"target\":[\"https:\/\/kzzywiec.org\/index.php\/artykul-syn-marnotrawny\/\"]}]},{\"@type\":\"ImageObject\",\"inLanguage\":\"pl-PL\",\"@id\":\"https:\/\/kzzywiec.org\/index.php\/artykul-syn-marnotrawny\/#primaryimage\",\"url\":\"https:\/\/kzzywiec.org\/wp-content\/uploads\/2018\/03\/synmarnotrawny.jpg\",\"contentUrl\":\"https:\/\/kzzywiec.org\/wp-content\/uploads\/2018\/03\/synmarnotrawny.jpg\"},{\"@type\":\"BreadcrumbList\",\"@id\":\"https:\/\/kzzywiec.org\/index.php\/artykul-syn-marnotrawny\/#breadcrumb\",\"itemListElement\":[{\"@type\":\"ListItem\",\"position\":1,\"name\":\"Strona g\u0142\u00f3wna\",\"item\":\"https:\/\/kzzywiec.org\/\"},{\"@type\":\"ListItem\",\"position\":2,\"name\":\"Artyku\u0142 &#8211; Syn marnotrawny\"}]},{\"@type\":\"WebSite\",\"@id\":\"https:\/\/kzzywiec.org\/#website\",\"url\":\"https:\/\/kzzywiec.org\/\",\"name\":\"Ko\u015bci\u00f3\u0142 Zielono\u015bwi\u0105tkowy Zb\u00f3r w \u017bywcu\",\"description\":\"\",\"publisher\":{\"@id\":\"https:\/\/kzzywiec.org\/#organization\"},\"potentialAction\":[{\"@type\":\"SearchAction\",\"target\":{\"@type\":\"EntryPoint\",\"urlTemplate\":\"https:\/\/kzzywiec.org\/?s={search_term_string}\"},\"query-input\":{\"@type\":\"PropertyValueSpecification\",\"valueRequired\":true,\"valueName\":\"search_term_string\"}}],\"inLanguage\":\"pl-PL\"},{\"@type\":\"Organization\",\"@id\":\"https:\/\/kzzywiec.org\/#organization\",\"name\":\"Ko\u015bci\u00f3\u0142 Zielono\u015bwi\u0105tkowy Zb\u00f3r w \u017bywcu\",\"url\":\"https:\/\/kzzywiec.org\/\",\"logo\":{\"@type\":\"ImageObject\",\"inLanguage\":\"pl-PL\",\"@id\":\"https:\/\/kzzywiec.org\/#\/schema\/logo\/image\/\",\"url\":\"https:\/\/kzzywiec.org\/wp-content\/uploads\/2018\/02\/ikona.png\",\"contentUrl\":\"https:\/\/kzzywiec.org\/wp-content\/uploads\/2018\/02\/ikona.png\",\"width\":512,\"height\":512,\"caption\":\"Ko\u015bci\u00f3\u0142 Zielono\u015bwi\u0105tkowy Zb\u00f3r w \u017bywcu\"},\"image\":{\"@id\":\"https:\/\/kzzywiec.org\/#\/schema\/logo\/image\/\"},\"sameAs\":[\"https:\/\/www.facebook.com\/kzzywiec\/\"]}]}<\/script>\n<!-- \/ Yoast SEO plugin. -->","yoast_head_json":{"title":"Ko\u015bci\u00f3\u0142 Zielono\u015bwi\u0105tkowy Zb\u00f3r w \u017bywcu","description":"Ko\u015bci\u00f3\u0142 Zielono\u015bwi\u0105tkowy w \u017bywcu to spo\u0142eczno\u015b\u0107 chrze\u015bcija\u0144ska o charakterze charyzmatycznym. G\u0142osimy pe\u0142n\u0105 ewangeli\u0119 i wyznajemy, \u017ce Pismo \u015awi\u0119te jest podstawow\u0105 norm\u0105 naszej wiary i przewodnikiem do \u017cycia zgodnego z wol\u0105 Bo\u017c\u0105.","robots":{"index":"index","follow":"follow","max-snippet":"max-snippet:-1","max-image-preview":"max-image-preview:large","max-video-preview":"max-video-preview:-1"},"canonical":"https:\/\/kzzywiec.org\/index.php\/artykul-syn-marnotrawny\/","og_locale":"pl_PL","og_type":"article","og_title":"Ko\u015bci\u00f3\u0142 Zielono\u015bwi\u0105tkowy Zb\u00f3r w \u017bywcu","og_description":"Ko\u015bci\u00f3\u0142 Zielono\u015bwi\u0105tkowy w \u017bywcu to spo\u0142eczno\u015b\u0107 chrze\u015bcija\u0144ska o charakterze charyzmatycznym. G\u0142osimy pe\u0142n\u0105 ewangeli\u0119 i wyznajemy, \u017ce Pismo \u015awi\u0119te jest podstawow\u0105 norm\u0105 naszej wiary i przewodnikiem do \u017cycia zgodnego z wol\u0105 Bo\u017c\u0105.","og_url":"https:\/\/kzzywiec.org\/index.php\/artykul-syn-marnotrawny\/","og_site_name":"Ko\u015bci\u00f3\u0142 Zielono\u015bwi\u0105tkowy Zb\u00f3r w \u017bywcu","article_publisher":"https:\/\/www.facebook.com\/kzzywiec\/","article_modified_time":"2018-03-12T13:58:06+00:00","og_image":[{"width":108,"height":208,"url":"https:\/\/kzzywiec.org\/wp-content\/uploads\/2018\/03\/synmarnotrawny.jpg","type":"image\/jpeg"}],"twitter_card":"summary_large_image","twitter_misc":{"Szacowany czas czytania":"4 minuty"},"schema":{"@context":"https:\/\/schema.org","@graph":[{"@type":"WebPage","@id":"https:\/\/kzzywiec.org\/index.php\/artykul-syn-marnotrawny\/","url":"https:\/\/kzzywiec.org\/index.php\/artykul-syn-marnotrawny\/","name":"Ko\u015bci\u00f3\u0142 Zielono\u015bwi\u0105tkowy Zb\u00f3r w \u017bywcu","isPartOf":{"@id":"https:\/\/kzzywiec.org\/#website"},"primaryImageOfPage":{"@id":"https:\/\/kzzywiec.org\/index.php\/artykul-syn-marnotrawny\/#primaryimage"},"image":{"@id":"https:\/\/kzzywiec.org\/index.php\/artykul-syn-marnotrawny\/#primaryimage"},"thumbnailUrl":"https:\/\/kzzywiec.org\/wp-content\/uploads\/2018\/03\/synmarnotrawny.jpg","datePublished":"2018-03-12T13:37:07+00:00","dateModified":"2018-03-12T13:58:06+00:00","description":"Ko\u015bci\u00f3\u0142 Zielono\u015bwi\u0105tkowy w \u017bywcu to spo\u0142eczno\u015b\u0107 chrze\u015bcija\u0144ska o charakterze charyzmatycznym. G\u0142osimy pe\u0142n\u0105 ewangeli\u0119 i wyznajemy, \u017ce Pismo \u015awi\u0119te jest podstawow\u0105 norm\u0105 naszej wiary i przewodnikiem do \u017cycia zgodnego z wol\u0105 Bo\u017c\u0105.","breadcrumb":{"@id":"https:\/\/kzzywiec.org\/index.php\/artykul-syn-marnotrawny\/#breadcrumb"},"inLanguage":"pl-PL","potentialAction":[{"@type":"ReadAction","target":["https:\/\/kzzywiec.org\/index.php\/artykul-syn-marnotrawny\/"]}]},{"@type":"ImageObject","inLanguage":"pl-PL","@id":"https:\/\/kzzywiec.org\/index.php\/artykul-syn-marnotrawny\/#primaryimage","url":"https:\/\/kzzywiec.org\/wp-content\/uploads\/2018\/03\/synmarnotrawny.jpg","contentUrl":"https:\/\/kzzywiec.org\/wp-content\/uploads\/2018\/03\/synmarnotrawny.jpg"},{"@type":"BreadcrumbList","@id":"https:\/\/kzzywiec.org\/index.php\/artykul-syn-marnotrawny\/#breadcrumb","itemListElement":[{"@type":"ListItem","position":1,"name":"Strona g\u0142\u00f3wna","item":"https:\/\/kzzywiec.org\/"},{"@type":"ListItem","position":2,"name":"Artyku\u0142 &#8211; Syn marnotrawny"}]},{"@type":"WebSite","@id":"https:\/\/kzzywiec.org\/#website","url":"https:\/\/kzzywiec.org\/","name":"Ko\u015bci\u00f3\u0142 Zielono\u015bwi\u0105tkowy Zb\u00f3r w \u017bywcu","description":"","publisher":{"@id":"https:\/\/kzzywiec.org\/#organization"},"potentialAction":[{"@type":"SearchAction","target":{"@type":"EntryPoint","urlTemplate":"https:\/\/kzzywiec.org\/?s={search_term_string}"},"query-input":{"@type":"PropertyValueSpecification","valueRequired":true,"valueName":"search_term_string"}}],"inLanguage":"pl-PL"},{"@type":"Organization","@id":"https:\/\/kzzywiec.org\/#organization","name":"Ko\u015bci\u00f3\u0142 Zielono\u015bwi\u0105tkowy Zb\u00f3r w \u017bywcu","url":"https:\/\/kzzywiec.org\/","logo":{"@type":"ImageObject","inLanguage":"pl-PL","@id":"https:\/\/kzzywiec.org\/#\/schema\/logo\/image\/","url":"https:\/\/kzzywiec.org\/wp-content\/uploads\/2018\/02\/ikona.png","contentUrl":"https:\/\/kzzywiec.org\/wp-content\/uploads\/2018\/02\/ikona.png","width":512,"height":512,"caption":"Ko\u015bci\u00f3\u0142 Zielono\u015bwi\u0105tkowy Zb\u00f3r w \u017bywcu"},"image":{"@id":"https:\/\/kzzywiec.org\/#\/schema\/logo\/image\/"},"sameAs":["https:\/\/www.facebook.com\/kzzywiec\/"]}]}},"_links":{"self":[{"href":"https:\/\/kzzywiec.org\/index.php\/wp-json\/wp\/v2\/pages\/1574","targetHints":{"allow":["GET"]}}],"collection":[{"href":"https:\/\/kzzywiec.org\/index.php\/wp-json\/wp\/v2\/pages"}],"about":[{"href":"https:\/\/kzzywiec.org\/index.php\/wp-json\/wp\/v2\/types\/page"}],"author":[{"embeddable":true,"href":"https:\/\/kzzywiec.org\/index.php\/wp-json\/wp\/v2\/users\/1"}],"replies":[{"embeddable":true,"href":"https:\/\/kzzywiec.org\/index.php\/wp-json\/wp\/v2\/comments?post=1574"}],"version-history":[{"count":19,"href":"https:\/\/kzzywiec.org\/index.php\/wp-json\/wp\/v2\/pages\/1574\/revisions"}],"predecessor-version":[{"id":1603,"href":"https:\/\/kzzywiec.org\/index.php\/wp-json\/wp\/v2\/pages\/1574\/revisions\/1603"}],"wp:attachment":[{"href":"https:\/\/kzzywiec.org\/index.php\/wp-json\/wp\/v2\/media?parent=1574"}],"curies":[{"name":"wp","href":"https:\/\/api.w.org\/{rel}","templated":true}]}}